{"id":11775,"date":"2026-05-07T12:46:22","date_gmt":"2026-05-07T10:46:22","guid":{"rendered":"https:\/\/esentialaroms.com\/productos\/aceite-vegetal-virgen-de-aguacate-persea-gratissima-500-ml-2\/"},"modified":"2026-05-07T14:21:53","modified_gmt":"2026-05-07T12:21:53","slug":"aceite-vegetal-virgen-de-aguacate-persea-gratissima-500-ml-2","status":"publish","type":"product","link":"https:\/\/esentialaroms.com\/pt-pt\/productos\/aceite-vegetal-virgen-de-aguacate-persea-gratissima-500-ml-2\/","title":{"rendered":"\u00d3leo vegetal virgem de ABACATE (Persea gratissima) 500 ml"},"content":{"rendered":"","protected":false},"excerpt":{"rendered":"<div>Reduz as perdas de \u00e1gua e acalma a pele, evitando a desidrata\u00e7\u00e3o e descama\u00e7\u00e3o. Promove a produ\u00e7\u00e3o de col\u00e1geno. ideal para nutrir a pele e cuidar das cut\u00edculas das unhas e das zonas mais secas da pele (p\u00e9s, calcanhares, cotovelos&#8230;). &nbsp;<\/div>\n","protected":false},"featured_media":11776,"comment_status":"open","ping_status":"closed","template":"","meta":{"_acf_changed":false,"rs_blank_template":"","rs_page_bg_color":"","slide_template_v7":""},"product_brand":[],"product_cat":[308,311],"product_tag":[],"class_list":{"0":"post-11775","1":"product","2":"type-product","3":"status-publish","4":"has-post-thumbnail","6":"product_cat-aromaterapia","7":"product_cat-oleos-vegetais","9":"first","10":"instock","11":"shipping-taxable","12":"purchasable","13":"product-type-simple"},"acf":[],"_links":{"self":[{"href":"https:\/\/esentialaroms.com\/pt-pt\/wp-json\/wp\/v2\/product\/11775","targetHints":{"allow":["GET"]}}],"collection":[{"href":"https:\/\/esentialaroms.com\/pt-pt\/wp-json\/wp\/v2\/product"}],"about":[{"href":"https:\/\/esentialaroms.com\/pt-pt\/wp-json\/wp\/v2\/types\/product"}],"replies":[{"embeddable":true,"href":"https:\/\/esentialaroms.com\/pt-pt\/wp-json\/wp\/v2\/comments?post=11775"}],"version-history":[{"count":1,"href":"https:\/\/esentialaroms.com\/pt-pt\/wp-json\/wp\/v2\/product\/11775\/revisions"}],"predecessor-version":[{"id":11777,"href":"https:\/\/esentialaroms.com\/pt-pt\/wp-json\/wp\/v2\/product\/11775\/revisions\/11777"}],"wp:featuredmedia":[{"embeddable":true,"href":"https:\/\/esentialaroms.com\/pt-pt\/wp-json\/wp\/v2\/media\/11776"}],"wp:attachment":[{"href":"https:\/\/esentialaroms.com\/pt-pt\/wp-json\/wp\/v2\/media?parent=11775"}],"wp:term":[{"taxonomy":"product_brand","embeddable":true,"href":"https:\/\/esentialaroms.com\/pt-pt\/wp-json\/wp\/v2\/product_brand?post=11775"},{"taxonomy":"product_cat","embeddable":true,"href":"https:\/\/esentialaroms.com\/pt-pt\/wp-json\/wp\/v2\/product_cat?post=11775"},{"taxonomy":"product_tag","embeddable":true,"href":"https:\/\/esentialaroms.com\/pt-pt\/wp-json\/wp\/v2\/product_tag?post=11775"}],"curies":[{"name":"wp","href":"https:\/\/api.w.org\/{rel}","templated":true}]}}