{"id":11716,"date":"2026-05-07T12:46:07","date_gmt":"2026-05-07T10:46:07","guid":{"rendered":"https:\/\/esentialaroms.com\/productos\/aceite-vegetal-virgen-de-pepita-de-uva-vitis-vinifera-1-litro-2\/"},"modified":"2026-05-07T14:21:52","modified_gmt":"2026-05-07T12:21:52","slug":"aceite-vegetal-virgen-de-pepita-de-uva-vitis-vinifera-1-litro-2","status":"publish","type":"product","link":"https:\/\/esentialaroms.com\/pt-pt\/productos\/aceite-vegetal-virgen-de-pepita-de-uva-vitis-vinifera-1-litro-2\/","title":{"rendered":"\u00d3leo vegetal virgem de SEMENTE DE UVA (Vitis vinifera) 1 litro"},"content":{"rendered":"","protected":false},"excerpt":{"rendered":"<div>\u00d3leo vegetal de r\u00e1pida penetra\u00e7\u00e3o no tecido, excelente antioxidante e protetor do tecido conjuntivo. &nbsp;<\/div>\n","protected":false},"featured_media":11717,"comment_status":"open","ping_status":"closed","template":"","meta":{"_acf_changed":false,"rs_blank_template":"","rs_page_bg_color":"","slide_template_v7":""},"product_brand":[],"product_cat":[308,311],"product_tag":[],"class_list":{"0":"post-11716","1":"product","2":"type-product","3":"status-publish","4":"has-post-thumbnail","6":"product_cat-aromaterapia","7":"product_cat-oleos-vegetais","9":"first","10":"instock","11":"shipping-taxable","12":"purchasable","13":"product-type-simple"},"acf":[],"_links":{"self":[{"href":"https:\/\/esentialaroms.com\/pt-pt\/wp-json\/wp\/v2\/product\/11716","targetHints":{"allow":["GET"]}}],"collection":[{"href":"https:\/\/esentialaroms.com\/pt-pt\/wp-json\/wp\/v2\/product"}],"about":[{"href":"https:\/\/esentialaroms.com\/pt-pt\/wp-json\/wp\/v2\/types\/product"}],"replies":[{"embeddable":true,"href":"https:\/\/esentialaroms.com\/pt-pt\/wp-json\/wp\/v2\/comments?post=11716"}],"version-history":[{"count":1,"href":"https:\/\/esentialaroms.com\/pt-pt\/wp-json\/wp\/v2\/product\/11716\/revisions"}],"predecessor-version":[{"id":11718,"href":"https:\/\/esentialaroms.com\/pt-pt\/wp-json\/wp\/v2\/product\/11716\/revisions\/11718"}],"wp:featuredmedia":[{"embeddable":true,"href":"https:\/\/esentialaroms.com\/pt-pt\/wp-json\/wp\/v2\/media\/11717"}],"wp:attachment":[{"href":"https:\/\/esentialaroms.com\/pt-pt\/wp-json\/wp\/v2\/media?parent=11716"}],"wp:term":[{"taxonomy":"product_brand","embeddable":true,"href":"https:\/\/esentialaroms.com\/pt-pt\/wp-json\/wp\/v2\/product_brand?post=11716"},{"taxonomy":"product_cat","embeddable":true,"href":"https:\/\/esentialaroms.com\/pt-pt\/wp-json\/wp\/v2\/product_cat?post=11716"},{"taxonomy":"product_tag","embeddable":true,"href":"https:\/\/esentialaroms.com\/pt-pt\/wp-json\/wp\/v2\/product_tag?post=11716"}],"curies":[{"name":"wp","href":"https:\/\/api.w.org\/{rel}","templated":true}]}}