{"id":11683,"date":"2026-05-07T12:45:59","date_gmt":"2026-05-07T10:45:59","guid":{"rendered":"https:\/\/esentialaroms.com\/productos\/aceite-vegetal-virgen-de-nuez-de-macadamia-macadamia-integrifolia-1-litro-2\/"},"modified":"2026-05-07T14:21:51","modified_gmt":"2026-05-07T12:21:51","slug":"aceite-vegetal-virgen-de-nuez-de-macadamia-macadamia-integrifolia-1-litro-2","status":"publish","type":"product","link":"https:\/\/esentialaroms.com\/pt-pt\/productos\/aceite-vegetal-virgen-de-nuez-de-macadamia-macadamia-integrifolia-1-litro-2\/","title":{"rendered":"\u00d3leo vegetal virgem de NOZ DE MACAD\u00c2MIA (Macadamia integrifolia) 1 litro"},"content":{"rendered":"","protected":false},"excerpt":{"rendered":"<div>Suplemento alimentar a base de \u00f3leo virgem de noz de macad\u00e2mia. Fonte de \u00e1cido palmitoleico (?-7) e ?-9. &nbsp;<\/div>\n<div>\u00d3leo vegetal muito fluido, com um elevado teor de O-9 e especialmente rico num \u00e1cido gordo espec\u00edfico pouco presente na natureza chamado \u00e1cido palmitoleico (O7). Este \u00e1cido confere-lhe propriedades regeneradoras, que ajudam na redu\u00e7\u00e3o das inflama\u00e7\u00f5es da pele. &nbsp;<\/div>\n","protected":false},"featured_media":11684,"comment_status":"open","ping_status":"closed","template":"","meta":{"_acf_changed":false,"rs_blank_template":"","rs_page_bg_color":"","slide_template_v7":""},"product_brand":[],"product_cat":[308,543,365,311,341],"product_tag":[],"class_list":{"0":"post-11683","1":"product","2":"type-product","3":"status-publish","4":"has-post-thumbnail","6":"product_cat-aromaterapia","7":"product_cat-massagem-infantil","8":"product_cat-massagens-terapeuticas","9":"product_cat-oleos-vegetais","10":"product_cat-precisa","12":"first","13":"instock","14":"shipping-taxable","15":"purchasable","16":"product-type-simple"},"acf":[],"_links":{"self":[{"href":"https:\/\/esentialaroms.com\/pt-pt\/wp-json\/wp\/v2\/product\/11683","targetHints":{"allow":["GET"]}}],"collection":[{"href":"https:\/\/esentialaroms.com\/pt-pt\/wp-json\/wp\/v2\/product"}],"about":[{"href":"https:\/\/esentialaroms.com\/pt-pt\/wp-json\/wp\/v2\/types\/product"}],"replies":[{"embeddable":true,"href":"https:\/\/esentialaroms.com\/pt-pt\/wp-json\/wp\/v2\/comments?post=11683"}],"version-history":[{"count":1,"href":"https:\/\/esentialaroms.com\/pt-pt\/wp-json\/wp\/v2\/product\/11683\/revisions"}],"predecessor-version":[{"id":11685,"href":"https:\/\/esentialaroms.com\/pt-pt\/wp-json\/wp\/v2\/product\/11683\/revisions\/11685"}],"wp:featuredmedia":[{"embeddable":true,"href":"https:\/\/esentialaroms.com\/pt-pt\/wp-json\/wp\/v2\/media\/11684"}],"wp:attachment":[{"href":"https:\/\/esentialaroms.com\/pt-pt\/wp-json\/wp\/v2\/media?parent=11683"}],"wp:term":[{"taxonomy":"product_brand","embeddable":true,"href":"https:\/\/esentialaroms.com\/pt-pt\/wp-json\/wp\/v2\/product_brand?post=11683"},{"taxonomy":"product_cat","embeddable":true,"href":"https:\/\/esentialaroms.com\/pt-pt\/wp-json\/wp\/v2\/product_cat?post=11683"},{"taxonomy":"product_tag","embeddable":true,"href":"https:\/\/esentialaroms.com\/pt-pt\/wp-json\/wp\/v2\/product_tag?post=11683"}],"curies":[{"name":"wp","href":"https:\/\/api.w.org\/{rel}","templated":true}]}}