{"id":11661,"date":"2026-05-07T12:45:54","date_gmt":"2026-05-07T10:45:54","guid":{"rendered":"https:\/\/esentialaroms.com\/productos\/aceite-vegetal-virgen-de-avellana-corylus-avellana-1-litro-2\/"},"modified":"2026-05-07T14:21:50","modified_gmt":"2026-05-07T12:21:50","slug":"aceite-vegetal-virgen-de-avellana-corylus-avellana-1-litro-2","status":"publish","type":"product","link":"https:\/\/esentialaroms.com\/pt-pt\/productos\/aceite-vegetal-virgen-de-avellana-corylus-avellana-1-litro-2\/","title":{"rendered":"\u00d3leo vegetal virgem de AVEL\u00c3 (Corylus avellana) 1 litro"},"content":{"rendered":"","protected":false},"excerpt":{"rendered":"<div>Reafirmante e hidratante especial para peles com flacidez. Antioxidante vitam\u00ednico que retarda o envelhecimento cut\u00e2neo. Interesse nutricional pelo seu aporte em \u00e1cidos gordos O-6 e O-9. &nbsp;<\/div>\n","protected":false},"featured_media":11662,"comment_status":"open","ping_status":"closed","template":"","meta":{"_acf_changed":false,"rs_blank_template":"","rs_page_bg_color":"","slide_template_v7":""},"product_brand":[],"product_cat":[308,356,543,540,365,311,341,362],"product_tag":[],"class_list":{"0":"post-11661","1":"product","2":"type-product","3":"status-publish","4":"has-post-thumbnail","6":"product_cat-aromaterapia","7":"product_cat-facial","8":"product_cat-massagem-infantil","9":"product_cat-massagem-para-adultos","10":"product_cat-massagens-terapeuticas","11":"product_cat-oleos-vegetais","12":"product_cat-precisa","13":"product_cat-tipo-de-pele","15":"first","16":"instock","17":"shipping-taxable","18":"purchasable","19":"product-type-simple"},"acf":[],"_links":{"self":[{"href":"https:\/\/esentialaroms.com\/pt-pt\/wp-json\/wp\/v2\/product\/11661","targetHints":{"allow":["GET"]}}],"collection":[{"href":"https:\/\/esentialaroms.com\/pt-pt\/wp-json\/wp\/v2\/product"}],"about":[{"href":"https:\/\/esentialaroms.com\/pt-pt\/wp-json\/wp\/v2\/types\/product"}],"replies":[{"embeddable":true,"href":"https:\/\/esentialaroms.com\/pt-pt\/wp-json\/wp\/v2\/comments?post=11661"}],"version-history":[{"count":1,"href":"https:\/\/esentialaroms.com\/pt-pt\/wp-json\/wp\/v2\/product\/11661\/revisions"}],"predecessor-version":[{"id":11663,"href":"https:\/\/esentialaroms.com\/pt-pt\/wp-json\/wp\/v2\/product\/11661\/revisions\/11663"}],"wp:featuredmedia":[{"embeddable":true,"href":"https:\/\/esentialaroms.com\/pt-pt\/wp-json\/wp\/v2\/media\/11662"}],"wp:attachment":[{"href":"https:\/\/esentialaroms.com\/pt-pt\/wp-json\/wp\/v2\/media?parent=11661"}],"wp:term":[{"taxonomy":"product_brand","embeddable":true,"href":"https:\/\/esentialaroms.com\/pt-pt\/wp-json\/wp\/v2\/product_brand?post=11661"},{"taxonomy":"product_cat","embeddable":true,"href":"https:\/\/esentialaroms.com\/pt-pt\/wp-json\/wp\/v2\/product_cat?post=11661"},{"taxonomy":"product_tag","embeddable":true,"href":"https:\/\/esentialaroms.com\/pt-pt\/wp-json\/wp\/v2\/product_tag?post=11661"}],"curies":[{"name":"wp","href":"https:\/\/api.w.org\/{rel}","templated":true}]}}