{"id":11574,"date":"2026-05-07T12:45:36","date_gmt":"2026-05-07T10:45:36","guid":{"rendered":"https:\/\/esentialaroms.com\/productos\/cuenco-de-ceramica-pequeno-o-70-mm-2\/"},"modified":"2026-05-07T14:21:48","modified_gmt":"2026-05-07T12:21:48","slug":"cuenco-de-ceramica-pequeno-o-70-mm-2","status":"publish","type":"product","link":"https:\/\/esentialaroms.com\/pt-pt\/productos\/cuenco-de-ceramica-pequeno-o-70-mm-2\/","title":{"rendered":"TA\u00c7A DE CER\u00c2MICA PEQUENA (\u00d8 70 mm)"},"content":{"rendered":"","protected":false},"excerpt":{"rendered":"<div>Ta\u00e7a de cer\u00e2mica com 70 mm de di\u00e2metro &nbsp;<\/div>\n","protected":false},"featured_media":11575,"comment_status":"open","ping_status":"closed","template":"","meta":{"_acf_changed":false,"rs_blank_template":"","rs_page_bg_color":"","slide_template_v7":""},"product_brand":[],"product_cat":[426,308],"product_tag":[],"class_list":{"0":"post-11574","1":"product","2":"type-product","3":"status-publish","4":"has-post-thumbnail","6":"product_cat-acessorios","7":"product_cat-aromaterapia","9":"first","10":"instock","11":"shipping-taxable","12":"purchasable","13":"product-type-simple"},"acf":[],"_links":{"self":[{"href":"https:\/\/esentialaroms.com\/pt-pt\/wp-json\/wp\/v2\/product\/11574","targetHints":{"allow":["GET"]}}],"collection":[{"href":"https:\/\/esentialaroms.com\/pt-pt\/wp-json\/wp\/v2\/product"}],"about":[{"href":"https:\/\/esentialaroms.com\/pt-pt\/wp-json\/wp\/v2\/types\/product"}],"replies":[{"embeddable":true,"href":"https:\/\/esentialaroms.com\/pt-pt\/wp-json\/wp\/v2\/comments?post=11574"}],"version-history":[{"count":1,"href":"https:\/\/esentialaroms.com\/pt-pt\/wp-json\/wp\/v2\/product\/11574\/revisions"}],"predecessor-version":[{"id":11577,"href":"https:\/\/esentialaroms.com\/pt-pt\/wp-json\/wp\/v2\/product\/11574\/revisions\/11577"}],"wp:featuredmedia":[{"embeddable":true,"href":"https:\/\/esentialaroms.com\/pt-pt\/wp-json\/wp\/v2\/media\/11575"}],"wp:attachment":[{"href":"https:\/\/esentialaroms.com\/pt-pt\/wp-json\/wp\/v2\/media?parent=11574"}],"wp:term":[{"taxonomy":"product_brand","embeddable":true,"href":"https:\/\/esentialaroms.com\/pt-pt\/wp-json\/wp\/v2\/product_brand?post=11574"},{"taxonomy":"product_cat","embeddable":true,"href":"https:\/\/esentialaroms.com\/pt-pt\/wp-json\/wp\/v2\/product_cat?post=11574"},{"taxonomy":"product_tag","embeddable":true,"href":"https:\/\/esentialaroms.com\/pt-pt\/wp-json\/wp\/v2\/product_tag?post=11574"}],"curies":[{"name":"wp","href":"https:\/\/api.w.org\/{rel}","templated":true}]}}