{"id":11559,"date":"2026-05-07T12:45:33","date_gmt":"2026-05-07T10:45:33","guid":{"rendered":"https:\/\/esentialaroms.com\/productos\/respirator-inhalador-de-aceites-esenciales-2\/"},"modified":"2026-05-07T14:21:48","modified_gmt":"2026-05-07T12:21:48","slug":"respirator-inhalador-de-aceites-esenciales-2","status":"publish","type":"product","link":"https:\/\/esentialaroms.com\/pt-pt\/productos\/respirator-inhalador-de-aceites-esenciales-2\/","title":{"rendered":"RESPIRATOR &#8211; INALADOR DE \u00d3LEOS ESSENCIAIS"},"content":{"rendered":"","protected":false},"excerpt":{"rendered":"<div>Aparelho para inala\u00e7\u00f5es fabricado em copol\u00edmero de polipropileno (PP), resistente, recicl\u00e1vel e at\u00f3xico. &nbsp;<\/div>\n","protected":false},"featured_media":11560,"comment_status":"open","ping_status":"closed","template":"","meta":{"_acf_changed":false,"rs_blank_template":"","rs_page_bg_color":"","slide_template_v7":""},"product_brand":[],"product_cat":[426,308],"product_tag":[],"class_list":{"0":"post-11559","1":"product","2":"type-product","3":"status-publish","4":"has-post-thumbnail","6":"product_cat-acessorios","7":"product_cat-aromaterapia","9":"first","10":"instock","11":"shipping-taxable","12":"purchasable","13":"product-type-simple"},"acf":[],"_links":{"self":[{"href":"https:\/\/esentialaroms.com\/pt-pt\/wp-json\/wp\/v2\/product\/11559","targetHints":{"allow":["GET"]}}],"collection":[{"href":"https:\/\/esentialaroms.com\/pt-pt\/wp-json\/wp\/v2\/product"}],"about":[{"href":"https:\/\/esentialaroms.com\/pt-pt\/wp-json\/wp\/v2\/types\/product"}],"replies":[{"embeddable":true,"href":"https:\/\/esentialaroms.com\/pt-pt\/wp-json\/wp\/v2\/comments?post=11559"}],"version-history":[{"count":1,"href":"https:\/\/esentialaroms.com\/pt-pt\/wp-json\/wp\/v2\/product\/11559\/revisions"}],"predecessor-version":[{"id":11562,"href":"https:\/\/esentialaroms.com\/pt-pt\/wp-json\/wp\/v2\/product\/11559\/revisions\/11562"}],"wp:featuredmedia":[{"embeddable":true,"href":"https:\/\/esentialaroms.com\/pt-pt\/wp-json\/wp\/v2\/media\/11560"}],"wp:attachment":[{"href":"https:\/\/esentialaroms.com\/pt-pt\/wp-json\/wp\/v2\/media?parent=11559"}],"wp:term":[{"taxonomy":"product_brand","embeddable":true,"href":"https:\/\/esentialaroms.com\/pt-pt\/wp-json\/wp\/v2\/product_brand?post=11559"},{"taxonomy":"product_cat","embeddable":true,"href":"https:\/\/esentialaroms.com\/pt-pt\/wp-json\/wp\/v2\/product_cat?post=11559"},{"taxonomy":"product_tag","embeddable":true,"href":"https:\/\/esentialaroms.com\/pt-pt\/wp-json\/wp\/v2\/product_tag?post=11559"}],"curies":[{"name":"wp","href":"https:\/\/api.w.org\/{rel}","templated":true}]}}