{"id":11326,"date":"2026-05-07T12:41:07","date_gmt":"2026-05-07T10:41:07","guid":{"rendered":"https:\/\/esentialaroms.com\/productos\/arcilla-blanca-caolin-2\/"},"modified":"2026-05-07T14:21:44","modified_gmt":"2026-05-07T12:21:44","slug":"arcilla-blanca-caolin-2","status":"publish","type":"product","link":"https:\/\/esentialaroms.com\/pt-pt\/productos\/arcilla-blanca-caolin-2\/","title":{"rendered":"ARGILA BRANCA (Caulim)"},"content":{"rendered":"","protected":false},"excerpt":{"rendered":"<div>Constitu\u00edda por um p\u00f3 branco muito fino, tem uma grande capacidade de absor\u00e7\u00e3o das impurezas da pele. Regula o PH e tem uma a\u00e7\u00e3o calmante. Ideal para a realiza\u00e7\u00e3o de m\u00e1scaras para peles sens\u00edveis, irritadas, normais, mistas e com poros dilatados. &nbsp;<\/div>\n","protected":false},"featured_media":11327,"comment_status":"open","ping_status":"closed","template":"","meta":{"_acf_changed":false,"rs_blank_template":"","rs_page_bg_color":"","slide_template_v7":""},"product_brand":[],"product_cat":[308,359,429,356,341],"product_tag":[],"class_list":{"0":"post-11326","1":"product","2":"type-product","3":"status-publish","4":"has-post-thumbnail","6":"product_cat-aromaterapia","7":"product_cat-cuidados-com-a-pele","8":"product_cat-esential-basics-outras-operadoras","9":"product_cat-facial","10":"product_cat-precisa","12":"first","13":"instock","14":"shipping-taxable","15":"purchasable","16":"product-type-simple"},"acf":[],"_links":{"self":[{"href":"https:\/\/esentialaroms.com\/pt-pt\/wp-json\/wp\/v2\/product\/11326","targetHints":{"allow":["GET"]}}],"collection":[{"href":"https:\/\/esentialaroms.com\/pt-pt\/wp-json\/wp\/v2\/product"}],"about":[{"href":"https:\/\/esentialaroms.com\/pt-pt\/wp-json\/wp\/v2\/types\/product"}],"replies":[{"embeddable":true,"href":"https:\/\/esentialaroms.com\/pt-pt\/wp-json\/wp\/v2\/comments?post=11326"}],"version-history":[{"count":1,"href":"https:\/\/esentialaroms.com\/pt-pt\/wp-json\/wp\/v2\/product\/11326\/revisions"}],"predecessor-version":[{"id":11329,"href":"https:\/\/esentialaroms.com\/pt-pt\/wp-json\/wp\/v2\/product\/11326\/revisions\/11329"}],"wp:featuredmedia":[{"embeddable":true,"href":"https:\/\/esentialaroms.com\/pt-pt\/wp-json\/wp\/v2\/media\/11327"}],"wp:attachment":[{"href":"https:\/\/esentialaroms.com\/pt-pt\/wp-json\/wp\/v2\/media?parent=11326"}],"wp:term":[{"taxonomy":"product_brand","embeddable":true,"href":"https:\/\/esentialaroms.com\/pt-pt\/wp-json\/wp\/v2\/product_brand?post=11326"},{"taxonomy":"product_cat","embeddable":true,"href":"https:\/\/esentialaroms.com\/pt-pt\/wp-json\/wp\/v2\/product_cat?post=11326"},{"taxonomy":"product_tag","embeddable":true,"href":"https:\/\/esentialaroms.com\/pt-pt\/wp-json\/wp\/v2\/product_tag?post=11326"}],"curies":[{"name":"wp","href":"https:\/\/api.w.org\/{rel}","templated":true}]}}