{"id":11311,"date":"2026-05-07T12:41:02","date_gmt":"2026-05-07T10:41:02","guid":{"rendered":"https:\/\/esentialaroms.com\/productos\/arcilla-verde-montmorillonita-verde-2\/"},"modified":"2026-05-07T14:21:44","modified_gmt":"2026-05-07T12:21:44","slug":"arcilla-verde-montmorillonita-verde-2","status":"publish","type":"product","link":"https:\/\/esentialaroms.com\/pt-pt\/productos\/arcilla-verde-montmorillonita-verde-2\/","title":{"rendered":"ARGILA VERDE (Montmorillonite verde)"},"content":{"rendered":"","protected":false},"excerpt":{"rendered":"<div>Revitalizante cut\u00e2neo. Muito rica em magn\u00e9sio, com um grande poder desintoxicante, remineralizante e absorvente que atua em sinergia com os \u00f3leos essenciais e hidrolatos arom\u00e1ticos (\u00e1guas florais). Indicada para o tratamento das pernas pesadas, da celulite e de contraturas. Tamb\u00e9m \u00e9 utilizada em tratamentos faciais: principalmente em peles mistas-oleosas e com impurezas. Esfolia as impurezas da pele e absorve o excesso de sebo em profundidade. &nbsp;<\/div>\n","protected":false},"featured_media":11312,"comment_status":"open","ping_status":"closed","template":"","meta":{"_acf_changed":false,"rs_blank_template":"","rs_page_bg_color":"","slide_template_v7":""},"product_brand":[],"product_cat":[308,522,359,429,356,341],"product_tag":[],"class_list":{"0":"post-11311","1":"product","2":"type-product","3":"status-publish","4":"has-post-thumbnail","6":"product_cat-aromaterapia","7":"product_cat-atletas","8":"product_cat-cuidados-com-a-pele","9":"product_cat-esential-basics-outras-operadoras","10":"product_cat-facial","11":"product_cat-precisa","13":"first","14":"instock","15":"shipping-taxable","16":"purchasable","17":"product-type-simple"},"acf":[],"_links":{"self":[{"href":"https:\/\/esentialaroms.com\/pt-pt\/wp-json\/wp\/v2\/product\/11311","targetHints":{"allow":["GET"]}}],"collection":[{"href":"https:\/\/esentialaroms.com\/pt-pt\/wp-json\/wp\/v2\/product"}],"about":[{"href":"https:\/\/esentialaroms.com\/pt-pt\/wp-json\/wp\/v2\/types\/product"}],"replies":[{"embeddable":true,"href":"https:\/\/esentialaroms.com\/pt-pt\/wp-json\/wp\/v2\/comments?post=11311"}],"version-history":[{"count":1,"href":"https:\/\/esentialaroms.com\/pt-pt\/wp-json\/wp\/v2\/product\/11311\/revisions"}],"predecessor-version":[{"id":11314,"href":"https:\/\/esentialaroms.com\/pt-pt\/wp-json\/wp\/v2\/product\/11311\/revisions\/11314"}],"wp:featuredmedia":[{"embeddable":true,"href":"https:\/\/esentialaroms.com\/pt-pt\/wp-json\/wp\/v2\/media\/11312"}],"wp:attachment":[{"href":"https:\/\/esentialaroms.com\/pt-pt\/wp-json\/wp\/v2\/media?parent=11311"}],"wp:term":[{"taxonomy":"product_brand","embeddable":true,"href":"https:\/\/esentialaroms.com\/pt-pt\/wp-json\/wp\/v2\/product_brand?post=11311"},{"taxonomy":"product_cat","embeddable":true,"href":"https:\/\/esentialaroms.com\/pt-pt\/wp-json\/wp\/v2\/product_cat?post=11311"},{"taxonomy":"product_tag","embeddable":true,"href":"https:\/\/esentialaroms.com\/pt-pt\/wp-json\/wp\/v2\/product_tag?post=11311"}],"curies":[{"name":"wp","href":"https:\/\/api.w.org\/{rel}","templated":true}]}}