{"id":11204,"date":"2026-05-07T12:40:44","date_gmt":"2026-05-07T10:40:44","guid":{"rendered":"https:\/\/esentialaroms.com\/productos\/aromateca-2\/"},"modified":"2026-05-07T14:21:42","modified_gmt":"2026-05-07T12:21:42","slug":"aromateca-2","status":"publish","type":"product","link":"https:\/\/esentialaroms.com\/pt-pt\/productos\/aromateca-2\/","title":{"rendered":"AROMATECA"},"content":{"rendered":"<div>Caixa de madeira com 44 \u00f3leos essenciais e ess\u00eancias bot\u00e2nicas e bioquimicamente definidas, para a pr\u00e1tica de aromaterapia do principiante ou do profissional. &nbsp;<\/div>\n","protected":false},"excerpt":{"rendered":"<div>A aromateca cont\u00e9m uma amostra dos 44 \u00f3leos essenciais O.E.B.B.D. (\u00d3leo Essencial Botanicamente e Bioquimicamente Definido) mais \u00fateis para o kit de primeiros socorros familiar, beleza e terap\u00eautica. &nbsp;<\/div>\n<div>Cada frasco cont\u00e9m 2 ml de \u00f3leo essencial. &nbsp;<\/div>\n<div>Muito \u00fatil para iniciantes no mundo da aromaterapia e no estudo dos \u00f3leos essenciais, constituindo tamb\u00e9m a base ideal para o teste cinesiol\u00f3gico dos \u00f3leos essenciais. &nbsp;<\/div>\n","protected":false},"featured_media":11205,"comment_status":"open","ping_status":"closed","template":"","meta":{"_acf_changed":false,"rs_blank_template":"","rs_page_bg_color":"","slide_template_v7":""},"product_brand":[],"product_cat":[312,308],"product_tag":[],"class_list":{"0":"post-11204","1":"product","2":"type-product","3":"status-publish","4":"has-post-thumbnail","6":"product_cat-aromateca","7":"product_cat-aromaterapia","9":"first","10":"instock","11":"shipping-taxable","12":"purchasable","13":"product-type-simple"},"acf":[],"_links":{"self":[{"href":"https:\/\/esentialaroms.com\/pt-pt\/wp-json\/wp\/v2\/product\/11204","targetHints":{"allow":["GET"]}}],"collection":[{"href":"https:\/\/esentialaroms.com\/pt-pt\/wp-json\/wp\/v2\/product"}],"about":[{"href":"https:\/\/esentialaroms.com\/pt-pt\/wp-json\/wp\/v2\/types\/product"}],"replies":[{"embeddable":true,"href":"https:\/\/esentialaroms.com\/pt-pt\/wp-json\/wp\/v2\/comments?post=11204"}],"version-history":[{"count":1,"href":"https:\/\/esentialaroms.com\/pt-pt\/wp-json\/wp\/v2\/product\/11204\/revisions"}],"predecessor-version":[{"id":11206,"href":"https:\/\/esentialaroms.com\/pt-pt\/wp-json\/wp\/v2\/product\/11204\/revisions\/11206"}],"wp:featuredmedia":[{"embeddable":true,"href":"https:\/\/esentialaroms.com\/pt-pt\/wp-json\/wp\/v2\/media\/11205"}],"wp:attachment":[{"href":"https:\/\/esentialaroms.com\/pt-pt\/wp-json\/wp\/v2\/media?parent=11204"}],"wp:term":[{"taxonomy":"product_brand","embeddable":true,"href":"https:\/\/esentialaroms.com\/pt-pt\/wp-json\/wp\/v2\/product_brand?post=11204"},{"taxonomy":"product_cat","embeddable":true,"href":"https:\/\/esentialaroms.com\/pt-pt\/wp-json\/wp\/v2\/product_cat?post=11204"},{"taxonomy":"product_tag","embeddable":true,"href":"https:\/\/esentialaroms.com\/pt-pt\/wp-json\/wp\/v2\/product_tag?post=11204"}],"curies":[{"name":"wp","href":"https:\/\/api.w.org\/{rel}","templated":true}]}}