{"id":11166,"date":"2026-05-07T12:40:37","date_gmt":"2026-05-07T10:40:37","guid":{"rendered":"https:\/\/esentialaroms.com\/productos\/acn-purificante-2\/"},"modified":"2026-05-07T14:21:41","modified_gmt":"2026-05-07T12:21:41","slug":"acn-purificante-2","status":"publish","type":"product","link":"https:\/\/esentialaroms.com\/pt-pt\/productos\/acn-purificante-2\/","title":{"rendered":"ACN PURIFICANTE"},"content":{"rendered":"","protected":false},"excerpt":{"rendered":"<div>Rool-on com \u00f3leo essencial de \u00e1rvore do ch\u00e1. &nbsp;<\/div>\n","protected":false},"featured_media":11167,"comment_status":"open","ping_status":"closed","template":"","meta":{"_acf_changed":false,"rs_blank_template":"","rs_page_bg_color":"","slide_template_v7":""},"product_brand":[],"product_cat":[338,356,323,341,362],"product_tag":[],"class_list":{"0":"post-11166","1":"product","2":"type-product","3":"status-publish","4":"has-post-thumbnail","6":"product_cat-arvore-do-cha","7":"product_cat-facial","8":"product_cat-familias","9":"product_cat-precisa","10":"product_cat-tipo-de-pele","12":"first","13":"instock","14":"shipping-taxable","15":"purchasable","16":"product-type-simple"},"acf":[],"_links":{"self":[{"href":"https:\/\/esentialaroms.com\/pt-pt\/wp-json\/wp\/v2\/product\/11166","targetHints":{"allow":["GET"]}}],"collection":[{"href":"https:\/\/esentialaroms.com\/pt-pt\/wp-json\/wp\/v2\/product"}],"about":[{"href":"https:\/\/esentialaroms.com\/pt-pt\/wp-json\/wp\/v2\/types\/product"}],"replies":[{"embeddable":true,"href":"https:\/\/esentialaroms.com\/pt-pt\/wp-json\/wp\/v2\/comments?post=11166"}],"version-history":[{"count":1,"href":"https:\/\/esentialaroms.com\/pt-pt\/wp-json\/wp\/v2\/product\/11166\/revisions"}],"predecessor-version":[{"id":11169,"href":"https:\/\/esentialaroms.com\/pt-pt\/wp-json\/wp\/v2\/product\/11166\/revisions\/11169"}],"wp:featuredmedia":[{"embeddable":true,"href":"https:\/\/esentialaroms.com\/pt-pt\/wp-json\/wp\/v2\/media\/11167"}],"wp:attachment":[{"href":"https:\/\/esentialaroms.com\/pt-pt\/wp-json\/wp\/v2\/media?parent=11166"}],"wp:term":[{"taxonomy":"product_brand","embeddable":true,"href":"https:\/\/esentialaroms.com\/pt-pt\/wp-json\/wp\/v2\/product_brand?post=11166"},{"taxonomy":"product_cat","embeddable":true,"href":"https:\/\/esentialaroms.com\/pt-pt\/wp-json\/wp\/v2\/product_cat?post=11166"},{"taxonomy":"product_tag","embeddable":true,"href":"https:\/\/esentialaroms.com\/pt-pt\/wp-json\/wp\/v2\/product_tag?post=11166"}],"curies":[{"name":"wp","href":"https:\/\/api.w.org\/{rel}","templated":true}]}}