{"id":11152,"date":"2026-05-07T12:40:35","date_gmt":"2026-05-07T10:40:35","guid":{"rendered":"https:\/\/esentialaroms.com\/productos\/s-caroteno-2\/"},"modified":"2026-05-07T14:21:40","modified_gmt":"2026-05-07T12:21:40","slug":"s-caroteno-2","status":"publish","type":"product","link":"https:\/\/esentialaroms.com\/pt-pt\/productos\/s-caroteno-2\/","title":{"rendered":"\u00df-CAROTENO"},"content":{"rendered":"<div>Suplemento alimentar \u00e0 base de \u00df-caroteno e vitaminas C e E. &nbsp;<\/div>\n<div>As vitaminas C e E contribuem para a prote\u00e7\u00e3o das c\u00e9lulas contra os danos oxidativos. &nbsp;<\/div>\n","protected":false},"excerpt":{"rendered":"<div>Complemento alimentar \u00e0 base de \u00df-caroteno natural proveniente da alga Dunaliella salina e da cenoura, com vitaminas C e E. A sua formula\u00e7\u00e3o fornece provitamina A e antioxidantes que contribuem para a prote\u00e7\u00e3o celular contra o dano oxidativo e para a manuten\u00e7\u00e3o normal da pele. &nbsp;<\/div>\n","protected":false},"featured_media":11153,"comment_status":"open","ping_status":"closed","template":"","meta":{"_acf_changed":false,"rs_blank_template":"","rs_page_bg_color":"","slide_template_v7":""},"product_brand":[],"product_cat":[344,347,353,350,323,341,333],"product_tag":[],"class_list":{"0":"post-11152","1":"product","2":"type-product","3":"status-publish","4":"has-post-thumbnail","6":"product_cat-bem-estar","7":"product_cat-bem-estar-da-mulher","8":"product_cat-bronzeado","9":"product_cat-corpo-e-rosto","10":"product_cat-familias","11":"product_cat-precisa","12":"product_cat-solar-esential","14":"first","15":"instock","16":"shipping-taxable","17":"purchasable","18":"product-type-simple"},"acf":[],"_links":{"self":[{"href":"https:\/\/esentialaroms.com\/pt-pt\/wp-json\/wp\/v2\/product\/11152","targetHints":{"allow":["GET"]}}],"collection":[{"href":"https:\/\/esentialaroms.com\/pt-pt\/wp-json\/wp\/v2\/product"}],"about":[{"href":"https:\/\/esentialaroms.com\/pt-pt\/wp-json\/wp\/v2\/types\/product"}],"replies":[{"embeddable":true,"href":"https:\/\/esentialaroms.com\/pt-pt\/wp-json\/wp\/v2\/comments?post=11152"}],"version-history":[{"count":1,"href":"https:\/\/esentialaroms.com\/pt-pt\/wp-json\/wp\/v2\/product\/11152\/revisions"}],"predecessor-version":[{"id":11154,"href":"https:\/\/esentialaroms.com\/pt-pt\/wp-json\/wp\/v2\/product\/11152\/revisions\/11154"}],"wp:featuredmedia":[{"embeddable":true,"href":"https:\/\/esentialaroms.com\/pt-pt\/wp-json\/wp\/v2\/media\/11153"}],"wp:attachment":[{"href":"https:\/\/esentialaroms.com\/pt-pt\/wp-json\/wp\/v2\/media?parent=11152"}],"wp:term":[{"taxonomy":"product_brand","embeddable":true,"href":"https:\/\/esentialaroms.com\/pt-pt\/wp-json\/wp\/v2\/product_brand?post=11152"},{"taxonomy":"product_cat","embeddable":true,"href":"https:\/\/esentialaroms.com\/pt-pt\/wp-json\/wp\/v2\/product_cat?post=11152"},{"taxonomy":"product_tag","embeddable":true,"href":"https:\/\/esentialaroms.com\/pt-pt\/wp-json\/wp\/v2\/product_tag?post=11152"}],"curies":[{"name":"wp","href":"https:\/\/api.w.org\/{rel}","templated":true}]}}