{"id":20926,"date":"2026-05-13T09:55:35","date_gmt":"2026-05-13T07:55:35","guid":{"rendered":"https:\/\/esentialaroms.com\/productos\/esentialfamily-body-milk-2\/"},"modified":"2026-05-13T09:55:37","modified_gmt":"2026-05-13T07:55:37","slug":"esentialfamily-body-milk-2","status":"publish","type":"product","link":"https:\/\/esentialaroms.com\/fr\/productos\/esentialfamily-body-milk-2\/","title":{"rendered":"ESENTIAL&rsquo;FAMILY BODY MILK"},"content":{"rendered":"<div>Beurre de karit\u00e9, aloe vera, huile vierge d&rsquo;amandes douces, extrait de riz, b\u00e9ta\u00efne et mac\u00e9r\u00e2t aromatique de baies de goji. &nbsp;<\/div>\n","protected":false},"excerpt":{"rendered":"<div>Notre Body Milk transforme les soins du corps en un rituel de calme, d&rsquo;hydratation et de douceur profonde. Il est formul\u00e9 \u00e0 base de b\u00e9ta\u00efne de betterave, d&rsquo;aloe vera, de baies de goji, de beurre de karit\u00e9, d&rsquo;extrait de riz, d&rsquo;huile d&rsquo;amande douce et de c\u00e9ramides de jojoba. &nbsp;<\/div>\n","protected":false},"featured_media":20927,"comment_status":"open","ping_status":"closed","template":"","meta":{"_acf_changed":false,"rs_blank_template":"","rs_page_bg_color":"","slide_template_v7":""},"product_brand":[],"product_cat":[462,322],"product_tag":[],"class_list":{"0":"post-20926","1":"product","2":"type-product","3":"status-publish","4":"has-post-thumbnail","6":"product_cat-esentialfamily","7":"product_cat-familles","9":"first","10":"instock","11":"shipping-taxable","12":"purchasable","13":"product-type-simple"},"acf":[],"_links":{"self":[{"href":"https:\/\/esentialaroms.com\/fr\/wp-json\/wp\/v2\/product\/20926","targetHints":{"allow":["GET"]}}],"collection":[{"href":"https:\/\/esentialaroms.com\/fr\/wp-json\/wp\/v2\/product"}],"about":[{"href":"https:\/\/esentialaroms.com\/fr\/wp-json\/wp\/v2\/types\/product"}],"replies":[{"embeddable":true,"href":"https:\/\/esentialaroms.com\/fr\/wp-json\/wp\/v2\/comments?post=20926"}],"version-history":[{"count":1,"href":"https:\/\/esentialaroms.com\/fr\/wp-json\/wp\/v2\/product\/20926\/revisions"}],"predecessor-version":[{"id":20928,"href":"https:\/\/esentialaroms.com\/fr\/wp-json\/wp\/v2\/product\/20926\/revisions\/20928"}],"wp:featuredmedia":[{"embeddable":true,"href":"https:\/\/esentialaroms.com\/fr\/wp-json\/wp\/v2\/media\/20927"}],"wp:attachment":[{"href":"https:\/\/esentialaroms.com\/fr\/wp-json\/wp\/v2\/media?parent=20926"}],"wp:term":[{"taxonomy":"product_brand","embeddable":true,"href":"https:\/\/esentialaroms.com\/fr\/wp-json\/wp\/v2\/product_brand?post=20926"},{"taxonomy":"product_cat","embeddable":true,"href":"https:\/\/esentialaroms.com\/fr\/wp-json\/wp\/v2\/product_cat?post=20926"},{"taxonomy":"product_tag","embeddable":true,"href":"https:\/\/esentialaroms.com\/fr\/wp-json\/wp\/v2\/product_tag?post=20926"}],"curies":[{"name":"wp","href":"https:\/\/api.w.org\/{rel}","templated":true}]}}