{"id":20889,"date":"2026-05-13T09:55:16","date_gmt":"2026-05-13T07:55:16","guid":{"rendered":"https:\/\/esentialaroms.com\/productos\/esentialfamily-gel-corporal-2\/"},"modified":"2026-05-13T09:55:18","modified_gmt":"2026-05-13T07:55:18","slug":"esentialfamily-gel-corporal-2","status":"publish","type":"product","link":"https:\/\/esentialaroms.com\/fr\/productos\/esentialfamily-gel-corporal-2\/","title":{"rendered":"ESENTIAL&rsquo;FAMILY SHOWER GEL"},"content":{"rendered":"<div>Extrait d\u2019aloe vera biologique, mac\u00e9rat aromatique de baies de goji et polysaccharides d\u2019origine naturelle \u00e0 effet \u00e9mollient. &nbsp;<\/div>\n","protected":false},"excerpt":{"rendered":"<div>Il revitalise en profondeur et redonne de l&rsquo;\u00e9nergie au corps apr\u00e8s une longue journ\u00e9e, laissant la peau fra\u00eeche, \u00e9lastique et visiblement plus lumineuse. Sa formule \u00e0 base d&rsquo;aloe vera et de baies de goji hydrate et apaise, transformant la douche en un moment de bien-\u00eatre authentique. &nbsp;<\/div>\n","protected":false},"featured_media":20890,"comment_status":"open","ping_status":"closed","template":"","meta":{"_acf_changed":false,"rs_blank_template":"","rs_page_bg_color":"","slide_template_v7":""},"product_brand":[],"product_cat":[462,322],"product_tag":[],"class_list":{"0":"post-20889","1":"product","2":"type-product","3":"status-publish","4":"has-post-thumbnail","6":"product_cat-esentialfamily","7":"product_cat-familles","9":"first","10":"instock","11":"shipping-taxable","12":"purchasable","13":"product-type-simple"},"acf":[],"_links":{"self":[{"href":"https:\/\/esentialaroms.com\/fr\/wp-json\/wp\/v2\/product\/20889","targetHints":{"allow":["GET"]}}],"collection":[{"href":"https:\/\/esentialaroms.com\/fr\/wp-json\/wp\/v2\/product"}],"about":[{"href":"https:\/\/esentialaroms.com\/fr\/wp-json\/wp\/v2\/types\/product"}],"replies":[{"embeddable":true,"href":"https:\/\/esentialaroms.com\/fr\/wp-json\/wp\/v2\/comments?post=20889"}],"version-history":[{"count":1,"href":"https:\/\/esentialaroms.com\/fr\/wp-json\/wp\/v2\/product\/20889\/revisions"}],"predecessor-version":[{"id":20891,"href":"https:\/\/esentialaroms.com\/fr\/wp-json\/wp\/v2\/product\/20889\/revisions\/20891"}],"wp:featuredmedia":[{"embeddable":true,"href":"https:\/\/esentialaroms.com\/fr\/wp-json\/wp\/v2\/media\/20890"}],"wp:attachment":[{"href":"https:\/\/esentialaroms.com\/fr\/wp-json\/wp\/v2\/media?parent=20889"}],"wp:term":[{"taxonomy":"product_brand","embeddable":true,"href":"https:\/\/esentialaroms.com\/fr\/wp-json\/wp\/v2\/product_brand?post=20889"},{"taxonomy":"product_cat","embeddable":true,"href":"https:\/\/esentialaroms.com\/fr\/wp-json\/wp\/v2\/product_cat?post=20889"},{"taxonomy":"product_tag","embeddable":true,"href":"https:\/\/esentialaroms.com\/fr\/wp-json\/wp\/v2\/product_tag?post=20889"}],"curies":[{"name":"wp","href":"https:\/\/api.w.org\/{rel}","templated":true}]}}