{"id":20854,"date":"2026-05-13T09:54:50","date_gmt":"2026-05-13T07:54:50","guid":{"rendered":"https:\/\/esentialaroms.com\/productos\/hidrogel-hialuronic-%c2%b71%c2%b7-2\/"},"modified":"2026-05-13T09:54:56","modified_gmt":"2026-05-13T07:54:56","slug":"hidrogel-hialuronic-%c2%b71%c2%b7-2","status":"publish","type":"product","link":"https:\/\/esentialaroms.com\/fr\/productos\/hidrogel-hialuronic-%c2%b71%c2%b7-2\/","title":{"rendered":"HYDROGEL HIALURONIC \u00b71\u00b7"},"content":{"rendered":"","protected":false},"excerpt":{"rendered":"<div>D\u00e9couvrez un soin gel naturel super hydratant et adoucissant imm\u00e9diat, que vous pouvez utiliser directement sur les zones les plus s\u00e8ches et \u00e9galement pour enrichir votre s\u00e9rum ou votre cr\u00e8me de jour. Il vous aidera \u00e0 renforcer la fonction barri\u00e8re de la peau de mani\u00e8re tout \u00e0 fait naturelle. Contient 1% d\u2019acide hyaluronique d\u2019origine v\u00e9g\u00e9tale et de plantes aux effets lissants sur la rugosit\u00e9 et r\u00e9duisant la desquamation. Ses effets sont perceptibles d\u00e8s la premi\u00e8re application. &nbsp;<\/div>\n","protected":false},"featured_media":20855,"comment_status":"open","ping_status":"closed","template":"","meta":{"_acf_changed":false,"rs_blank_template":"","rs_page_bg_color":"","slide_template_v7":""},"product_brand":[],"product_cat":[457,322],"product_tag":[],"class_list":{"0":"post-20854","1":"product","2":"type-product","3":"status-publish","4":"has-post-thumbnail","6":"product_cat-dermoesential","7":"product_cat-familles","9":"first","10":"instock","11":"shipping-taxable","12":"purchasable","13":"product-type-simple"},"acf":[],"_links":{"self":[{"href":"https:\/\/esentialaroms.com\/fr\/wp-json\/wp\/v2\/product\/20854","targetHints":{"allow":["GET"]}}],"collection":[{"href":"https:\/\/esentialaroms.com\/fr\/wp-json\/wp\/v2\/product"}],"about":[{"href":"https:\/\/esentialaroms.com\/fr\/wp-json\/wp\/v2\/types\/product"}],"replies":[{"embeddable":true,"href":"https:\/\/esentialaroms.com\/fr\/wp-json\/wp\/v2\/comments?post=20854"}],"version-history":[{"count":1,"href":"https:\/\/esentialaroms.com\/fr\/wp-json\/wp\/v2\/product\/20854\/revisions"}],"predecessor-version":[{"id":20857,"href":"https:\/\/esentialaroms.com\/fr\/wp-json\/wp\/v2\/product\/20854\/revisions\/20857"}],"wp:featuredmedia":[{"embeddable":true,"href":"https:\/\/esentialaroms.com\/fr\/wp-json\/wp\/v2\/media\/20855"}],"wp:attachment":[{"href":"https:\/\/esentialaroms.com\/fr\/wp-json\/wp\/v2\/media?parent=20854"}],"wp:term":[{"taxonomy":"product_brand","embeddable":true,"href":"https:\/\/esentialaroms.com\/fr\/wp-json\/wp\/v2\/product_brand?post=20854"},{"taxonomy":"product_cat","embeddable":true,"href":"https:\/\/esentialaroms.com\/fr\/wp-json\/wp\/v2\/product_cat?post=20854"},{"taxonomy":"product_tag","embeddable":true,"href":"https:\/\/esentialaroms.com\/fr\/wp-json\/wp\/v2\/product_tag?post=20854"}],"curies":[{"name":"wp","href":"https:\/\/api.w.org\/{rel}","templated":true}]}}