{"id":20839,"date":"2026-05-13T09:54:45","date_gmt":"2026-05-13T07:54:45","guid":{"rendered":"https:\/\/esentialaroms.com\/productos\/hidrogel-hematocure-2\/"},"modified":"2026-05-13T09:54:47","modified_gmt":"2026-05-13T07:54:47","slug":"hidrogel-hematocure-2","status":"publish","type":"product","link":"https:\/\/esentialaroms.com\/fr\/productos\/hidrogel-hematocure-2\/","title":{"rendered":"HYDROGEL HEMATOCURE"},"content":{"rendered":"","protected":false},"excerpt":{"rendered":"<div>D\u00e9couvrez des soins naturels pour les peaux irrit\u00e9es, sensibles, sensibilis\u00e9es, rougies&#8230; &nbsp;<\/div>\n<div>Cette formule gel v\u00e9g\u00e9tal rafra\u00eechissant apporte un grand confort et douceur \u00e0 la peau, apaise et r\u00e9pare. &nbsp;<\/div>\n","protected":false},"featured_media":20840,"comment_status":"open","ping_status":"closed","template":"","meta":{"_acf_changed":false,"rs_blank_template":"","rs_page_bg_color":"","slide_template_v7":""},"product_brand":[],"product_cat":[457,322],"product_tag":[],"class_list":{"0":"post-20839","1":"product","2":"type-product","3":"status-publish","4":"has-post-thumbnail","6":"product_cat-dermoesential","7":"product_cat-familles","9":"first","10":"instock","11":"shipping-taxable","12":"purchasable","13":"product-type-simple"},"acf":[],"_links":{"self":[{"href":"https:\/\/esentialaroms.com\/fr\/wp-json\/wp\/v2\/product\/20839","targetHints":{"allow":["GET"]}}],"collection":[{"href":"https:\/\/esentialaroms.com\/fr\/wp-json\/wp\/v2\/product"}],"about":[{"href":"https:\/\/esentialaroms.com\/fr\/wp-json\/wp\/v2\/types\/product"}],"replies":[{"embeddable":true,"href":"https:\/\/esentialaroms.com\/fr\/wp-json\/wp\/v2\/comments?post=20839"}],"version-history":[{"count":1,"href":"https:\/\/esentialaroms.com\/fr\/wp-json\/wp\/v2\/product\/20839\/revisions"}],"predecessor-version":[{"id":20842,"href":"https:\/\/esentialaroms.com\/fr\/wp-json\/wp\/v2\/product\/20839\/revisions\/20842"}],"wp:featuredmedia":[{"embeddable":true,"href":"https:\/\/esentialaroms.com\/fr\/wp-json\/wp\/v2\/media\/20840"}],"wp:attachment":[{"href":"https:\/\/esentialaroms.com\/fr\/wp-json\/wp\/v2\/media?parent=20839"}],"wp:term":[{"taxonomy":"product_brand","embeddable":true,"href":"https:\/\/esentialaroms.com\/fr\/wp-json\/wp\/v2\/product_brand?post=20839"},{"taxonomy":"product_cat","embeddable":true,"href":"https:\/\/esentialaroms.com\/fr\/wp-json\/wp\/v2\/product_cat?post=20839"},{"taxonomy":"product_tag","embeddable":true,"href":"https:\/\/esentialaroms.com\/fr\/wp-json\/wp\/v2\/product_tag?post=20839"}],"curies":[{"name":"wp","href":"https:\/\/api.w.org\/{rel}","templated":true}]}}