{"id":20809,"date":"2026-05-13T09:54:34","date_gmt":"2026-05-13T07:54:34","guid":{"rendered":"https:\/\/esentialaroms.com\/productos\/extracto-lipidico-de-flor-de-lys-lilium-candidum-100-ml-2\/"},"modified":"2026-05-13T09:54:37","modified_gmt":"2026-05-13T07:54:37","slug":"extracto-lipidico-de-flor-de-lys-lilium-candidum-100-ml-2","status":"publish","type":"product","link":"https:\/\/esentialaroms.com\/fr\/productos\/extracto-lipidico-de-flor-de-lys-lilium-candidum-100-ml-2\/","title":{"rendered":"Extrait lipidique de FLEUR DE LYS (Lilium candidum) 100 ml"},"content":{"rendered":"","protected":false},"excerpt":{"rendered":"<div>Mac\u00e9rat de fleurs de lys. Utilis\u00e9 pour pr\u00e9venir les taches cutan\u00e9es et prendre soin des peaux sensibles et sujettes aux rougeurs. &nbsp;<\/div>\n","protected":false},"featured_media":20810,"comment_status":"open","ping_status":"closed","template":"","meta":{"_acf_changed":false,"rs_blank_template":"","rs_page_bg_color":"","slide_template_v7":""},"product_brand":[],"product_cat":[524,307,340,431,355],"product_tag":[],"class_list":{"0":"post-20809","1":"product","2":"type-product","3":"status-publish","4":"has-post-thumbnail","6":"product_cat-anti-age","7":"product_cat-aromatherapie","8":"product_cat-besoins","9":"product_cat-extraits-de-lipides","10":"product_cat-visage","12":"first","13":"instock","14":"shipping-taxable","15":"purchasable","16":"product-type-simple"},"acf":[],"_links":{"self":[{"href":"https:\/\/esentialaroms.com\/fr\/wp-json\/wp\/v2\/product\/20809","targetHints":{"allow":["GET"]}}],"collection":[{"href":"https:\/\/esentialaroms.com\/fr\/wp-json\/wp\/v2\/product"}],"about":[{"href":"https:\/\/esentialaroms.com\/fr\/wp-json\/wp\/v2\/types\/product"}],"replies":[{"embeddable":true,"href":"https:\/\/esentialaroms.com\/fr\/wp-json\/wp\/v2\/comments?post=20809"}],"version-history":[{"count":1,"href":"https:\/\/esentialaroms.com\/fr\/wp-json\/wp\/v2\/product\/20809\/revisions"}],"predecessor-version":[{"id":20812,"href":"https:\/\/esentialaroms.com\/fr\/wp-json\/wp\/v2\/product\/20809\/revisions\/20812"}],"wp:featuredmedia":[{"embeddable":true,"href":"https:\/\/esentialaroms.com\/fr\/wp-json\/wp\/v2\/media\/20810"}],"wp:attachment":[{"href":"https:\/\/esentialaroms.com\/fr\/wp-json\/wp\/v2\/media?parent=20809"}],"wp:term":[{"taxonomy":"product_brand","embeddable":true,"href":"https:\/\/esentialaroms.com\/fr\/wp-json\/wp\/v2\/product_brand?post=20809"},{"taxonomy":"product_cat","embeddable":true,"href":"https:\/\/esentialaroms.com\/fr\/wp-json\/wp\/v2\/product_cat?post=20809"},{"taxonomy":"product_tag","embeddable":true,"href":"https:\/\/esentialaroms.com\/fr\/wp-json\/wp\/v2\/product_tag?post=20809"}],"curies":[{"name":"wp","href":"https:\/\/api.w.org\/{rel}","templated":true}]}}