{"id":20794,"date":"2026-05-13T09:54:29","date_gmt":"2026-05-13T07:54:29","guid":{"rendered":"https:\/\/esentialaroms.com\/productos\/sleepkey-pillow-spray-2\/"},"modified":"2026-05-13T09:54:31","modified_gmt":"2026-05-13T07:54:31","slug":"sleepkey-pillow-spray-2","status":"publish","type":"product","link":"https:\/\/esentialaroms.com\/fr\/productos\/sleepkey-pillow-spray-2\/","title":{"rendered":"SLEEP&rsquo;KEY PILLOW SPRAY"},"content":{"rendered":"<div>Solution naturelle pour bien dormir &nbsp;<\/div>\n","protected":false},"excerpt":{"rendered":"<div>Brume aromatique 99 % d&rsquo;origine naturelle. &nbsp;<\/div>\n<div>Formule aromath\u00e9rapeutique \u00e9labor\u00e9e avec des d&rsquo;huiles essentielles 100 % pures et naturelles, comform\u00e9ment aux principes de l&rsquo;aromath\u00e9rapie scientifique. &nbsp;<\/div>\n<div>Produit test\u00e9 cliniquement, dont l&rsquo;efficacit\u00e9 est prouv\u00e9e. &nbsp;<\/div>\n","protected":false},"featured_media":20795,"comment_status":"open","ping_status":"closed","template":"","meta":{"_acf_changed":false,"rs_blank_template":"","rs_page_bg_color":"","slide_template_v7":""},"product_brand":[],"product_cat":[559],"product_tag":[],"class_list":{"0":"post-20794","1":"product","2":"type-product","3":"status-publish","4":"has-post-thumbnail","6":"product_cat-nouveaux-produits","8":"first","9":"instock","10":"shipping-taxable","11":"purchasable","12":"product-type-simple"},"acf":[],"_links":{"self":[{"href":"https:\/\/esentialaroms.com\/fr\/wp-json\/wp\/v2\/product\/20794","targetHints":{"allow":["GET"]}}],"collection":[{"href":"https:\/\/esentialaroms.com\/fr\/wp-json\/wp\/v2\/product"}],"about":[{"href":"https:\/\/esentialaroms.com\/fr\/wp-json\/wp\/v2\/types\/product"}],"replies":[{"embeddable":true,"href":"https:\/\/esentialaroms.com\/fr\/wp-json\/wp\/v2\/comments?post=20794"}],"version-history":[{"count":1,"href":"https:\/\/esentialaroms.com\/fr\/wp-json\/wp\/v2\/product\/20794\/revisions"}],"predecessor-version":[{"id":20797,"href":"https:\/\/esentialaroms.com\/fr\/wp-json\/wp\/v2\/product\/20794\/revisions\/20797"}],"wp:featuredmedia":[{"embeddable":true,"href":"https:\/\/esentialaroms.com\/fr\/wp-json\/wp\/v2\/media\/20795"}],"wp:attachment":[{"href":"https:\/\/esentialaroms.com\/fr\/wp-json\/wp\/v2\/media?parent=20794"}],"wp:term":[{"taxonomy":"product_brand","embeddable":true,"href":"https:\/\/esentialaroms.com\/fr\/wp-json\/wp\/v2\/product_brand?post=20794"},{"taxonomy":"product_cat","embeddable":true,"href":"https:\/\/esentialaroms.com\/fr\/wp-json\/wp\/v2\/product_cat?post=20794"},{"taxonomy":"product_tag","embeddable":true,"href":"https:\/\/esentialaroms.com\/fr\/wp-json\/wp\/v2\/product_tag?post=20794"}],"curies":[{"name":"wp","href":"https:\/\/api.w.org\/{rel}","templated":true}]}}