{"id":20717,"date":"2026-05-13T09:53:52","date_gmt":"2026-05-13T07:53:52","guid":{"rendered":"https:\/\/esentialaroms.com\/productos\/esential-emotions-humidificador-de-bolsillo-30-ml-2\/"},"modified":"2026-05-13T09:53:56","modified_gmt":"2026-05-13T07:53:56","slug":"esential-emotions-humidificador-de-bolsillo-30-ml-2","status":"publish","type":"product","link":"https:\/\/esentialaroms.com\/fr\/productos\/esential-emotions-humidificador-de-bolsillo-30-ml-2\/","title":{"rendered":"ESENTIAL EMOTIONS humidificateur de poche 30ml"},"content":{"rendered":"<div>Cet humidificateur avec la technologie ultrasonique diffuse des huiles essentielles de mani\u00e8re naturelle et pure. Gr\u00e2ce \u00e0 son format pratique, vous pouvez l&rsquo;utiliser partout, \u00e0 l&rsquo;int\u00e9rieur comme \u00e0 l&rsquo;ext\u00e9rieur. &nbsp;<\/div>\n<div>Emportez-le toujours avec vous pour \u00e9veiller vos \u00e9motions et cr\u00e9er l&rsquo;ambiance dont vous avez besoin ! &nbsp;<\/div>\n<div>De plus, Esential&rsquo;ar\u00f4ms dispose d&rsquo;une collection de synergies aromatiques et d&rsquo;une large gamme d&rsquo;huiles essentielles \u00e0 diffuser. &nbsp;<\/div>\n","protected":false},"excerpt":{"rendered":"<div>Emportez-le toujours avec vous pour \u00e9veiller vos \u00e9motions et cr\u00e9er l&rsquo;ambiance dont vous avez besoin. &nbsp;<\/div>\n","protected":false},"featured_media":20718,"comment_status":"open","ping_status":"closed","template":"","meta":{"_acf_changed":false,"rs_blank_template":"","rs_page_bg_color":"","slide_template_v7":""},"product_brand":[],"product_cat":[307,316],"product_tag":[],"class_list":{"0":"post-20717","1":"product","2":"type-product","3":"status-publish","4":"has-post-thumbnail","6":"product_cat-aromatherapie","7":"product_cat-esential-diffusion-synergies-aromatiques","9":"first","10":"instock","11":"shipping-taxable","12":"purchasable","13":"product-type-simple"},"acf":[],"_links":{"self":[{"href":"https:\/\/esentialaroms.com\/fr\/wp-json\/wp\/v2\/product\/20717","targetHints":{"allow":["GET"]}}],"collection":[{"href":"https:\/\/esentialaroms.com\/fr\/wp-json\/wp\/v2\/product"}],"about":[{"href":"https:\/\/esentialaroms.com\/fr\/wp-json\/wp\/v2\/types\/product"}],"replies":[{"embeddable":true,"href":"https:\/\/esentialaroms.com\/fr\/wp-json\/wp\/v2\/comments?post=20717"}],"version-history":[{"count":1,"href":"https:\/\/esentialaroms.com\/fr\/wp-json\/wp\/v2\/product\/20717\/revisions"}],"predecessor-version":[{"id":20721,"href":"https:\/\/esentialaroms.com\/fr\/wp-json\/wp\/v2\/product\/20717\/revisions\/20721"}],"wp:featuredmedia":[{"embeddable":true,"href":"https:\/\/esentialaroms.com\/fr\/wp-json\/wp\/v2\/media\/20718"}],"wp:attachment":[{"href":"https:\/\/esentialaroms.com\/fr\/wp-json\/wp\/v2\/media?parent=20717"}],"wp:term":[{"taxonomy":"product_brand","embeddable":true,"href":"https:\/\/esentialaroms.com\/fr\/wp-json\/wp\/v2\/product_brand?post=20717"},{"taxonomy":"product_cat","embeddable":true,"href":"https:\/\/esentialaroms.com\/fr\/wp-json\/wp\/v2\/product_cat?post=20717"},{"taxonomy":"product_tag","embeddable":true,"href":"https:\/\/esentialaroms.com\/fr\/wp-json\/wp\/v2\/product_tag?post=20717"}],"curies":[{"name":"wp","href":"https:\/\/api.w.org\/{rel}","templated":true}]}}