{"id":20674,"date":"2026-05-13T09:53:39","date_gmt":"2026-05-13T07:53:39","guid":{"rendered":"https:\/\/esentialaroms.com\/productos\/my-essential-kit-defensas-2\/"},"modified":"2026-05-13T09:53:42","modified_gmt":"2026-05-13T07:53:42","slug":"my-essential-kit-defensas-2","status":"publish","type":"product","link":"https:\/\/esentialaroms.com\/fr\/productos\/my-essential-kit-defensas-2\/","title":{"rendered":"My Essential Kit D\u00c9FENSES"},"content":{"rendered":"<div>D\u00e9couvrez My Essential Kit DEFENSES, qui comprend 5 huiles essentielles, 6 formules d&rsquo;aromath\u00e9rapie \u00e0 \u00e9laborer vous-m\u00eame et 4 applications suppl\u00e9mentaires. &nbsp;<\/div>\n<div>Apprenez les propri\u00e9t\u00e9s et les applications de 5 huiles essentielles et comment r\u00e9aliser de nombreuses autres formules. &nbsp;<\/div>\n","protected":false},"excerpt":{"rendered":"<div>Kit pour vous initier \u00e0 l&rsquo;aromath\u00e9rapie scientifique et cr\u00e9er vos propres formules. Gr\u00e2ce \u00e0 ce kit, vous d\u00e9couvrirez les propri\u00e9t\u00e9s de 5 huiles essentielles et, gr\u00e2ce au mat\u00e9riel qu&rsquo;il contient, vous pourrez \u00e9laborer vous-m\u00eame 6 produits diff\u00e9rents, ainsi que 4 autres applications, qui vous aideront \u00e0 affronter la saison hivernale et \u00e0 vous prot\u00e9ger des agressions ext\u00e9rieures gr\u00e2ce aux propri\u00e9t\u00e9s antimicrobiennes uniques de ses huiles essentielles. &nbsp;<\/div>\n","protected":false},"featured_media":20675,"comment_status":"open","ping_status":"closed","template":"","meta":{"_acf_changed":false,"rs_blank_template":"","rs_page_bg_color":"","slide_template_v7":""},"product_brand":[],"product_cat":[307,437,559],"product_tag":[],"class_list":{"0":"post-20674","1":"product","2":"type-product","3":"status-publish","4":"has-post-thumbnail","6":"product_cat-aromatherapie","7":"product_cat-my-esential-kit","8":"product_cat-nouveaux-produits","10":"first","11":"instock","12":"shipping-taxable","13":"purchasable","14":"product-type-simple"},"acf":[],"_links":{"self":[{"href":"https:\/\/esentialaroms.com\/fr\/wp-json\/wp\/v2\/product\/20674","targetHints":{"allow":["GET"]}}],"collection":[{"href":"https:\/\/esentialaroms.com\/fr\/wp-json\/wp\/v2\/product"}],"about":[{"href":"https:\/\/esentialaroms.com\/fr\/wp-json\/wp\/v2\/types\/product"}],"replies":[{"embeddable":true,"href":"https:\/\/esentialaroms.com\/fr\/wp-json\/wp\/v2\/comments?post=20674"}],"version-history":[{"count":1,"href":"https:\/\/esentialaroms.com\/fr\/wp-json\/wp\/v2\/product\/20674\/revisions"}],"predecessor-version":[{"id":20677,"href":"https:\/\/esentialaroms.com\/fr\/wp-json\/wp\/v2\/product\/20674\/revisions\/20677"}],"wp:featuredmedia":[{"embeddable":true,"href":"https:\/\/esentialaroms.com\/fr\/wp-json\/wp\/v2\/media\/20675"}],"wp:attachment":[{"href":"https:\/\/esentialaroms.com\/fr\/wp-json\/wp\/v2\/media?parent=20674"}],"wp:term":[{"taxonomy":"product_brand","embeddable":true,"href":"https:\/\/esentialaroms.com\/fr\/wp-json\/wp\/v2\/product_brand?post=20674"},{"taxonomy":"product_cat","embeddable":true,"href":"https:\/\/esentialaroms.com\/fr\/wp-json\/wp\/v2\/product_cat?post=20674"},{"taxonomy":"product_tag","embeddable":true,"href":"https:\/\/esentialaroms.com\/fr\/wp-json\/wp\/v2\/product_tag?post=20674"}],"curies":[{"name":"wp","href":"https:\/\/api.w.org\/{rel}","templated":true}]}}