{"id":20585,"date":"2026-05-13T09:52:48","date_gmt":"2026-05-13T07:52:48","guid":{"rendered":"https:\/\/esentialaroms.com\/productos\/esential-zen-humidificador-250-ml-con-cromoterapia-2\/"},"modified":"2026-05-13T09:52:53","modified_gmt":"2026-05-13T07:52:53","slug":"esential-zen-humidificador-250-ml-con-cromoterapia-2","status":"publish","type":"product","link":"https:\/\/esentialaroms.com\/fr\/productos\/esential-zen-humidificador-250-ml-con-cromoterapia-2\/","title":{"rendered":"ESENTIAL-ZEN humidificateur 250ml avec chromoth\u00e9rapie"},"content":{"rendered":"<div>ESENTIAL-ZEN\u00ae est un diffuseur et humidificateur \u00e0 ultrasons qui permet la diffusion instantan\u00e9e d&rsquo;eau et d&rsquo;huiles essentielles. De plus, il \u00e9met une lumi\u00e8re d&rsquo;ambiance qui change de couleur. Avec ESENTIAL-ZEN\u00ae, vous pourrez cr\u00e9er diff\u00e9rents espaces sains dans votre maison et d\u00e9couvrir, gr\u00e2ce au guide du Feng Shui et de l&rsquo;aromath\u00e9rapie, comment utiliser les huiles essentielles et le kit de 3 synergies aromatiques pour harmoniser votre maison et influencer positivement les activit\u00e9s qui se d\u00e9roulent dans chaque espace de votre foyer. \u00ab Un luxe pour les sens et une occasion de renforcer, \u00e0 chaque occasion, votre bien-\u00eatre et celui de vos proches. \u00bb &nbsp;<\/div>\n","protected":false},"excerpt":{"rendered":"<div>Diffuse instantan\u00e9ment de l&rsquo;eau et des huiles essentielles gr\u00e2ce \u00e0 sa technologie ultrasonique. De plus, il \u00e9met une lumi\u00e8re d&rsquo;ambiance qui change de couleur. &nbsp;<\/div>\n","protected":false},"featured_media":20586,"comment_status":"open","ping_status":"closed","template":"","meta":{"_acf_changed":false,"rs_blank_template":"","rs_page_bg_color":"","slide_template_v7":""},"product_brand":[],"product_cat":[307,340,316,367,364],"product_tag":[],"class_list":{"0":"post-20585","1":"product","2":"type-product","3":"status-publish","4":"has-post-thumbnail","6":"product_cat-aromatherapie","7":"product_cat-besoins","8":"product_cat-esential-diffusion-synergies-aromatiques","9":"product_cat-massage-anti-stress-et-anti-fatigue","10":"product_cat-massages-therapeutiques","12":"first","13":"instock","14":"shipping-taxable","15":"purchasable","16":"product-type-simple"},"acf":[],"_links":{"self":[{"href":"https:\/\/esentialaroms.com\/fr\/wp-json\/wp\/v2\/product\/20585","targetHints":{"allow":["GET"]}}],"collection":[{"href":"https:\/\/esentialaroms.com\/fr\/wp-json\/wp\/v2\/product"}],"about":[{"href":"https:\/\/esentialaroms.com\/fr\/wp-json\/wp\/v2\/types\/product"}],"replies":[{"embeddable":true,"href":"https:\/\/esentialaroms.com\/fr\/wp-json\/wp\/v2\/comments?post=20585"}],"version-history":[{"count":1,"href":"https:\/\/esentialaroms.com\/fr\/wp-json\/wp\/v2\/product\/20585\/revisions"}],"predecessor-version":[{"id":20592,"href":"https:\/\/esentialaroms.com\/fr\/wp-json\/wp\/v2\/product\/20585\/revisions\/20592"}],"wp:featuredmedia":[{"embeddable":true,"href":"https:\/\/esentialaroms.com\/fr\/wp-json\/wp\/v2\/media\/20586"}],"wp:attachment":[{"href":"https:\/\/esentialaroms.com\/fr\/wp-json\/wp\/v2\/media?parent=20585"}],"wp:term":[{"taxonomy":"product_brand","embeddable":true,"href":"https:\/\/esentialaroms.com\/fr\/wp-json\/wp\/v2\/product_brand?post=20585"},{"taxonomy":"product_cat","embeddable":true,"href":"https:\/\/esentialaroms.com\/fr\/wp-json\/wp\/v2\/product_cat?post=20585"},{"taxonomy":"product_tag","embeddable":true,"href":"https:\/\/esentialaroms.com\/fr\/wp-json\/wp\/v2\/product_tag?post=20585"}],"curies":[{"name":"wp","href":"https:\/\/api.w.org\/{rel}","templated":true}]}}