{"id":20556,"date":"2026-05-13T09:52:42","date_gmt":"2026-05-13T07:52:42","guid":{"rendered":"https:\/\/esentialaroms.com\/productos\/balsamo-labial-pro-collagen-2\/"},"modified":"2026-05-13T09:52:45","modified_gmt":"2026-05-13T07:52:45","slug":"balsamo-labial-pro-collagen-2","status":"publish","type":"product","link":"https:\/\/esentialaroms.com\/fr\/productos\/balsamo-labial-pro-collagen-2\/","title":{"rendered":"BAUME \u00c0 L\u00c8VRES Pro-Collagen"},"content":{"rendered":"","protected":false},"excerpt":{"rendered":"<div>Baume \u00e0 l\u00e8vres. Repulpant. &nbsp;<\/div>\n","protected":false},"featured_media":20557,"comment_status":"open","ping_status":"closed","template":"","meta":{"_acf_changed":false,"rs_blank_template":"","rs_page_bg_color":"","slide_template_v7":""},"product_brand":[],"product_cat":[524,340,322,483,358,355],"product_tag":[],"class_list":{"0":"post-20556","1":"product","2":"type-product","3":"status-publish","4":"has-post-thumbnail","6":"product_cat-anti-age","7":"product_cat-besoins","8":"product_cat-familles","9":"product_cat-pro-collagen","10":"product_cat-soins-de-la-peau","11":"product_cat-visage","13":"first","14":"instock","15":"shipping-taxable","16":"purchasable","17":"product-type-simple"},"acf":[],"_links":{"self":[{"href":"https:\/\/esentialaroms.com\/fr\/wp-json\/wp\/v2\/product\/20556","targetHints":{"allow":["GET"]}}],"collection":[{"href":"https:\/\/esentialaroms.com\/fr\/wp-json\/wp\/v2\/product"}],"about":[{"href":"https:\/\/esentialaroms.com\/fr\/wp-json\/wp\/v2\/types\/product"}],"replies":[{"embeddable":true,"href":"https:\/\/esentialaroms.com\/fr\/wp-json\/wp\/v2\/comments?post=20556"}],"version-history":[{"count":1,"href":"https:\/\/esentialaroms.com\/fr\/wp-json\/wp\/v2\/product\/20556\/revisions"}],"predecessor-version":[{"id":20559,"href":"https:\/\/esentialaroms.com\/fr\/wp-json\/wp\/v2\/product\/20556\/revisions\/20559"}],"wp:featuredmedia":[{"embeddable":true,"href":"https:\/\/esentialaroms.com\/fr\/wp-json\/wp\/v2\/media\/20557"}],"wp:attachment":[{"href":"https:\/\/esentialaroms.com\/fr\/wp-json\/wp\/v2\/media?parent=20556"}],"wp:term":[{"taxonomy":"product_brand","embeddable":true,"href":"https:\/\/esentialaroms.com\/fr\/wp-json\/wp\/v2\/product_brand?post=20556"},{"taxonomy":"product_cat","embeddable":true,"href":"https:\/\/esentialaroms.com\/fr\/wp-json\/wp\/v2\/product_cat?post=20556"},{"taxonomy":"product_tag","embeddable":true,"href":"https:\/\/esentialaroms.com\/fr\/wp-json\/wp\/v2\/product_tag?post=20556"}],"curies":[{"name":"wp","href":"https:\/\/api.w.org\/{rel}","templated":true}]}}