{"id":20541,"date":"2026-05-13T09:52:37","date_gmt":"2026-05-13T07:52:37","guid":{"rendered":"https:\/\/esentialaroms.com\/productos\/crema-tensora-reafirmante-pro-collagen-2\/"},"modified":"2026-05-13T09:52:39","modified_gmt":"2026-05-13T07:52:39","slug":"crema-tensora-reafirmante-pro-collagen-2","status":"publish","type":"product","link":"https:\/\/esentialaroms.com\/fr\/productos\/crema-tensora-reafirmante-pro-collagen-2\/","title":{"rendered":"CR\u00c8ME TENSEUR RAFFERMISSANTE Pro-Collagen"},"content":{"rendered":"","protected":false},"excerpt":{"rendered":"<div>Les phytoactifs contenus dans la cr\u00e8me tenseur Pro-collagen apportent \u00e9lasticit\u00e9 et fermet\u00e9 \u00e0 votre peau. &nbsp;<\/div>\n","protected":false},"featured_media":20542,"comment_status":"open","ping_status":"closed","template":"","meta":{"_acf_changed":false,"rs_blank_template":"","rs_page_bg_color":"","slide_template_v7":""},"product_brand":[],"product_cat":[524,340,322,483,358,355],"product_tag":[],"class_list":{"0":"post-20541","1":"product","2":"type-product","3":"status-publish","4":"has-post-thumbnail","6":"product_cat-anti-age","7":"product_cat-besoins","8":"product_cat-familles","9":"product_cat-pro-collagen","10":"product_cat-soins-de-la-peau","11":"product_cat-visage","13":"first","14":"instock","15":"shipping-taxable","16":"purchasable","17":"product-type-simple"},"acf":[],"_links":{"self":[{"href":"https:\/\/esentialaroms.com\/fr\/wp-json\/wp\/v2\/product\/20541","targetHints":{"allow":["GET"]}}],"collection":[{"href":"https:\/\/esentialaroms.com\/fr\/wp-json\/wp\/v2\/product"}],"about":[{"href":"https:\/\/esentialaroms.com\/fr\/wp-json\/wp\/v2\/types\/product"}],"replies":[{"embeddable":true,"href":"https:\/\/esentialaroms.com\/fr\/wp-json\/wp\/v2\/comments?post=20541"}],"version-history":[{"count":1,"href":"https:\/\/esentialaroms.com\/fr\/wp-json\/wp\/v2\/product\/20541\/revisions"}],"predecessor-version":[{"id":20544,"href":"https:\/\/esentialaroms.com\/fr\/wp-json\/wp\/v2\/product\/20541\/revisions\/20544"}],"wp:featuredmedia":[{"embeddable":true,"href":"https:\/\/esentialaroms.com\/fr\/wp-json\/wp\/v2\/media\/20542"}],"wp:attachment":[{"href":"https:\/\/esentialaroms.com\/fr\/wp-json\/wp\/v2\/media?parent=20541"}],"wp:term":[{"taxonomy":"product_brand","embeddable":true,"href":"https:\/\/esentialaroms.com\/fr\/wp-json\/wp\/v2\/product_brand?post=20541"},{"taxonomy":"product_cat","embeddable":true,"href":"https:\/\/esentialaroms.com\/fr\/wp-json\/wp\/v2\/product_cat?post=20541"},{"taxonomy":"product_tag","embeddable":true,"href":"https:\/\/esentialaroms.com\/fr\/wp-json\/wp\/v2\/product_tag?post=20541"}],"curies":[{"name":"wp","href":"https:\/\/api.w.org\/{rel}","templated":true}]}}