{"id":20434,"date":"2026-05-13T09:52:02","date_gmt":"2026-05-13T07:52:02","guid":{"rendered":"https:\/\/esentialaroms.com\/productos\/aceite-de-masaje-pies-confort-1-litro-2\/"},"modified":"2026-05-13T09:52:05","modified_gmt":"2026-05-13T07:52:05","slug":"aceite-de-masaje-pies-confort-1-litro-2","status":"publish","type":"product","link":"https:\/\/esentialaroms.com\/fr\/productos\/aceite-de-masaje-pies-confort-1-litro-2\/","title":{"rendered":"Huile de massage PIEDS CONFORT 1 litre"},"content":{"rendered":"<div>Le massage aromath\u00e9rapeutique est une opportunit\u00e9 de transformation personnelle, un outil unique pour la sant\u00e9 du corps et de l&rsquo;esprit. Gr\u00e2ce \u00e0 l&rsquo;auto-massage Pieds Fatigu\u00e9s, nous allons essayer d&rsquo;\u00e9liminer la fatigue et la douleur des pieds, en am\u00e9liorant la circulation globale du pied, et nous stimulerons \u00e9galement les zones r\u00e9flexes. &nbsp;<\/div>\n","protected":false},"excerpt":{"rendered":"<div>L&rsquo;huile de massage aromath\u00e9rapeutique PIEDS CONFORT contient des huiles essentielles sp\u00e9cifiques qui am\u00e9liorent la circulation sanguine et lymphatique du pied, d\u00e9congestionnent, rafra\u00eechissent et d\u00e9senflamment le pied, procurant une sensation de bien-\u00eatre et un soulagement imm\u00e9diat des douleurs aux pieds. Elle contient des huiles essentielles de cypr\u00e8s, de menthe poivr\u00e9e et de lavandin. Toutes ces huiles sont associ\u00e9es \u00e0 une synergie d&rsquo;huiles v\u00e9g\u00e9tales vierges aux propri\u00e9t\u00e9s sp\u00e9cifiques, telles que l&rsquo;abricot, l&rsquo;amande douce et le p\u00e9pin de raisin. &nbsp;<\/div>\n","protected":false},"featured_media":20435,"comment_status":"open","ping_status":"closed","template":"","meta":{"_acf_changed":false,"rs_blank_template":"","rs_page_bg_color":"","slide_template_v7":""},"product_brand":[],"product_cat":[521,340,322,512,480,539,364,503],"product_tag":[],"class_list":{"0":"post-20434","1":"product","2":"type-product","3":"status-publish","4":"has-post-thumbnail","6":"product_cat-athletes","7":"product_cat-besoins","8":"product_cat-familles","9":"product_cat-jambes-et-pieds","10":"product_cat-massage-oil","11":"product_cat-massage-pour-adultes","12":"product_cat-massages-therapeutiques","13":"product_cat-physique","15":"first","16":"instock","17":"shipping-taxable","18":"purchasable","19":"product-type-simple"},"acf":[],"_links":{"self":[{"href":"https:\/\/esentialaroms.com\/fr\/wp-json\/wp\/v2\/product\/20434","targetHints":{"allow":["GET"]}}],"collection":[{"href":"https:\/\/esentialaroms.com\/fr\/wp-json\/wp\/v2\/product"}],"about":[{"href":"https:\/\/esentialaroms.com\/fr\/wp-json\/wp\/v2\/types\/product"}],"replies":[{"embeddable":true,"href":"https:\/\/esentialaroms.com\/fr\/wp-json\/wp\/v2\/comments?post=20434"}],"version-history":[{"count":1,"href":"https:\/\/esentialaroms.com\/fr\/wp-json\/wp\/v2\/product\/20434\/revisions"}],"predecessor-version":[{"id":20436,"href":"https:\/\/esentialaroms.com\/fr\/wp-json\/wp\/v2\/product\/20434\/revisions\/20436"}],"wp:featuredmedia":[{"embeddable":true,"href":"https:\/\/esentialaroms.com\/fr\/wp-json\/wp\/v2\/media\/20435"}],"wp:attachment":[{"href":"https:\/\/esentialaroms.com\/fr\/wp-json\/wp\/v2\/media?parent=20434"}],"wp:term":[{"taxonomy":"product_brand","embeddable":true,"href":"https:\/\/esentialaroms.com\/fr\/wp-json\/wp\/v2\/product_brand?post=20434"},{"taxonomy":"product_cat","embeddable":true,"href":"https:\/\/esentialaroms.com\/fr\/wp-json\/wp\/v2\/product_cat?post=20434"},{"taxonomy":"product_tag","embeddable":true,"href":"https:\/\/esentialaroms.com\/fr\/wp-json\/wp\/v2\/product_tag?post=20434"}],"curies":[{"name":"wp","href":"https:\/\/api.w.org\/{rel}","templated":true}]}}