{"id":20389,"date":"2026-05-13T09:51:43","date_gmt":"2026-05-13T07:51:43","guid":{"rendered":"https:\/\/esentialaroms.com\/productos\/celulit-control-ventosa-2\/"},"modified":"2026-05-13T09:51:47","modified_gmt":"2026-05-13T07:51:47","slug":"celulit-control-ventosa-2","status":"publish","type":"product","link":"https:\/\/esentialaroms.com\/fr\/productos\/celulit-control-ventosa-2\/","title":{"rendered":"CELULIT control + Ventouse"},"content":{"rendered":"<div>Le massage aromath\u00e9rapeutique est une opportunit\u00e9 de transformation personnelle, un outil unique pour la sant\u00e9 du corps et de l&rsquo;esprit. L&rsquo;huile de massage Celulit vous aidera \u00e0 affiner votre silhouette.<\/div>\n","protected":false},"excerpt":{"rendered":"<div>Aide \u00e0 affiner votre silhouette.<\/div>\n<div>Huiles v\u00e9g\u00e9tales de 1\u00e8re pression \u00e0 froid de macadamia, s\u00e9same, tournesol, amande et noisette ; extraits lipidiques ou mac\u00e9r\u00e2ts de Fucus vesiculosus et lierre ; huiles essentielles (H.E.B.B.D.*) de palmarosa, sapin de Sib\u00e9rie, eucalyptus, sauge, cypr\u00e8s, cajeput, carotte, laurier, gen\u00e9vrier, g\u00e9ranium et lemongrass; vitamine E naturelle. *Huiles Essentielles Botaniquement et Biochimiquement D\u00e9finies.<\/div>\n<div>Les huiles de massage aromatiques que nous vous offrons sont compos\u00e9es d\u2019une base v\u00e9g\u00e9tale ou huile v\u00e9hiculaire obtenue par premi\u00e8re pression \u00e0 froid \u00ab fruit\u00e9e \u00bb dans laquelle a \u00e9t\u00e9 dilu\u00e9 un m\u00e9lange d\u2019Huiles Essentielles Botaniquement et Biochimiquement D\u00e9finies sp\u00e9cifiques pour obtenir un effet de confort et de bien-\u00eatre.<\/div>\n","protected":false},"featured_media":20390,"comment_status":"open","ping_status":"closed","template":"","meta":{"_acf_changed":false,"rs_blank_template":"","rs_page_bg_color":"","slide_template_v7":""},"product_brand":[],"product_cat":[447,340,322,503,515],"product_tag":[],"class_list":{"0":"post-20389","1":"product","2":"type-product","3":"status-publish","4":"has-post-thumbnail","6":"product_cat-anticelulitis","7":"product_cat-besoins","8":"product_cat-familles","9":"product_cat-physique","10":"product_cat-silhouette","12":"first","13":"instock","14":"shipping-taxable","15":"purchasable","16":"product-type-simple"},"acf":[],"_links":{"self":[{"href":"https:\/\/esentialaroms.com\/fr\/wp-json\/wp\/v2\/product\/20389","targetHints":{"allow":["GET"]}}],"collection":[{"href":"https:\/\/esentialaroms.com\/fr\/wp-json\/wp\/v2\/product"}],"about":[{"href":"https:\/\/esentialaroms.com\/fr\/wp-json\/wp\/v2\/types\/product"}],"replies":[{"embeddable":true,"href":"https:\/\/esentialaroms.com\/fr\/wp-json\/wp\/v2\/comments?post=20389"}],"version-history":[{"count":1,"href":"https:\/\/esentialaroms.com\/fr\/wp-json\/wp\/v2\/product\/20389\/revisions"}],"predecessor-version":[{"id":20392,"href":"https:\/\/esentialaroms.com\/fr\/wp-json\/wp\/v2\/product\/20389\/revisions\/20392"}],"wp:featuredmedia":[{"embeddable":true,"href":"https:\/\/esentialaroms.com\/fr\/wp-json\/wp\/v2\/media\/20390"}],"wp:attachment":[{"href":"https:\/\/esentialaroms.com\/fr\/wp-json\/wp\/v2\/media?parent=20389"}],"wp:term":[{"taxonomy":"product_brand","embeddable":true,"href":"https:\/\/esentialaroms.com\/fr\/wp-json\/wp\/v2\/product_brand?post=20389"},{"taxonomy":"product_cat","embeddable":true,"href":"https:\/\/esentialaroms.com\/fr\/wp-json\/wp\/v2\/product_cat?post=20389"},{"taxonomy":"product_tag","embeddable":true,"href":"https:\/\/esentialaroms.com\/fr\/wp-json\/wp\/v2\/product_tag?post=20389"}],"curies":[{"name":"wp","href":"https:\/\/api.w.org\/{rel}","templated":true}]}}