{"id":20100,"date":"2026-05-13T09:49:52","date_gmt":"2026-05-13T07:49:52","guid":{"rendered":"https:\/\/esentialaroms.com\/productos\/desodorante-arbol-del-te-2\/"},"modified":"2026-05-13T09:49:54","modified_gmt":"2026-05-13T07:49:54","slug":"desodorante-arbol-del-te-2","status":"publish","type":"product","link":"https:\/\/esentialaroms.com\/fr\/productos\/desodorante-arbol-del-te-2\/","title":{"rendered":"DE\u00d3DORANT Arbre \u00e0 Th\u00e9"},"content":{"rendered":"","protected":false},"excerpt":{"rendered":"<div>Aide \u00e0 r\u00e9guler la transpiration gr\u00e2ce \u00e0 son effet probiotique, qui permet un contr\u00f4le efficace de l\u2019odeur en respectant la transpiration naturelle de la peau. SANS ALUMINIUM. &nbsp;<\/div>\n","protected":false},"featured_media":20101,"comment_status":"open","ping_status":"closed","template":"","meta":{"_acf_changed":false,"rs_blank_template":"","rs_page_bg_color":"","slide_template_v7":""},"product_brand":[],"product_cat":[521,340,322,337],"product_tag":[],"class_list":{"0":"post-20100","1":"product","2":"type-product","3":"status-publish","4":"has-post-thumbnail","6":"product_cat-athletes","7":"product_cat-besoins","8":"product_cat-familles","9":"product_cat-theier","11":"first","12":"instock","13":"shipping-taxable","14":"purchasable","15":"product-type-simple"},"acf":[],"_links":{"self":[{"href":"https:\/\/esentialaroms.com\/fr\/wp-json\/wp\/v2\/product\/20100","targetHints":{"allow":["GET"]}}],"collection":[{"href":"https:\/\/esentialaroms.com\/fr\/wp-json\/wp\/v2\/product"}],"about":[{"href":"https:\/\/esentialaroms.com\/fr\/wp-json\/wp\/v2\/types\/product"}],"replies":[{"embeddable":true,"href":"https:\/\/esentialaroms.com\/fr\/wp-json\/wp\/v2\/comments?post=20100"}],"version-history":[{"count":1,"href":"https:\/\/esentialaroms.com\/fr\/wp-json\/wp\/v2\/product\/20100\/revisions"}],"predecessor-version":[{"id":20102,"href":"https:\/\/esentialaroms.com\/fr\/wp-json\/wp\/v2\/product\/20100\/revisions\/20102"}],"wp:featuredmedia":[{"embeddable":true,"href":"https:\/\/esentialaroms.com\/fr\/wp-json\/wp\/v2\/media\/20101"}],"wp:attachment":[{"href":"https:\/\/esentialaroms.com\/fr\/wp-json\/wp\/v2\/media?parent=20100"}],"wp:term":[{"taxonomy":"product_brand","embeddable":true,"href":"https:\/\/esentialaroms.com\/fr\/wp-json\/wp\/v2\/product_brand?post=20100"},{"taxonomy":"product_cat","embeddable":true,"href":"https:\/\/esentialaroms.com\/fr\/wp-json\/wp\/v2\/product_cat?post=20100"},{"taxonomy":"product_tag","embeddable":true,"href":"https:\/\/esentialaroms.com\/fr\/wp-json\/wp\/v2\/product_tag?post=20100"}],"curies":[{"name":"wp","href":"https:\/\/api.w.org\/{rel}","templated":true}]}}