{"id":19960,"date":"2026-05-13T09:49:08","date_gmt":"2026-05-13T07:49:08","guid":{"rendered":"https:\/\/esentialaroms.com\/productos\/aceite-seco-argan-2\/"},"modified":"2026-05-13T09:49:10","modified_gmt":"2026-05-13T07:49:10","slug":"aceite-seco-argan-2","status":"publish","type":"product","link":"https:\/\/esentialaroms.com\/fr\/productos\/aceite-seco-argan-2\/","title":{"rendered":"HUILE S\u00c8CHE de Argan"},"content":{"rendered":"","protected":false},"excerpt":{"rendered":"<div>L&rsquo;huile s\u00e8che d&rsquo;Argan &amp; Esculano, 100% d&rsquo;origine naturelle et biologique, hydrate, r\u00e9g\u00e9n\u00e8re et nourrit. &nbsp;<\/div>\n<div>L\u2019huile vierge d\u2019ARGAN est extraite en premi\u00e8re pression \u00e0 froid de la graine de l\u2019arbre d\u2019ARGAN (Argania spinosa), originaire du Maroc. Elle a une haute valeur biologique gr\u00e2ce \u00e0 son action hautement hydratante et nutritive. Elle stimule \u00e9galement la r\u00e9g\u00e9n\u00e9ration de la peau et aide efficacement \u00e0 combattre les rides et les effets du temps. &nbsp;<\/div>\n","protected":false},"featured_media":19961,"comment_status":"open","ping_status":"closed","template":"","meta":{"_acf_changed":false,"rs_blank_template":"","rs_page_bg_color":"","slide_template_v7":""},"product_brand":[],"product_cat":[524,325,340,322,512,503,506,361,355],"product_tag":[],"class_list":{"0":"post-19960","1":"product","2":"type-product","3":"status-publish","4":"has-post-thumbnail","6":"product_cat-anti-age","7":"product_cat-argan","8":"product_cat-besoins","9":"product_cat-familles","10":"product_cat-jambes-et-pieds","11":"product_cat-physique","12":"product_cat-soins-corporels","13":"product_cat-type-de-peau","14":"product_cat-visage","16":"first","17":"instock","18":"shipping-taxable","19":"purchasable","20":"product-type-simple"},"acf":[],"_links":{"self":[{"href":"https:\/\/esentialaroms.com\/fr\/wp-json\/wp\/v2\/product\/19960","targetHints":{"allow":["GET"]}}],"collection":[{"href":"https:\/\/esentialaroms.com\/fr\/wp-json\/wp\/v2\/product"}],"about":[{"href":"https:\/\/esentialaroms.com\/fr\/wp-json\/wp\/v2\/types\/product"}],"replies":[{"embeddable":true,"href":"https:\/\/esentialaroms.com\/fr\/wp-json\/wp\/v2\/comments?post=19960"}],"version-history":[{"count":1,"href":"https:\/\/esentialaroms.com\/fr\/wp-json\/wp\/v2\/product\/19960\/revisions"}],"predecessor-version":[{"id":19963,"href":"https:\/\/esentialaroms.com\/fr\/wp-json\/wp\/v2\/product\/19960\/revisions\/19963"}],"wp:featuredmedia":[{"embeddable":true,"href":"https:\/\/esentialaroms.com\/fr\/wp-json\/wp\/v2\/media\/19961"}],"wp:attachment":[{"href":"https:\/\/esentialaroms.com\/fr\/wp-json\/wp\/v2\/media?parent=19960"}],"wp:term":[{"taxonomy":"product_brand","embeddable":true,"href":"https:\/\/esentialaroms.com\/fr\/wp-json\/wp\/v2\/product_brand?post=19960"},{"taxonomy":"product_cat","embeddable":true,"href":"https:\/\/esentialaroms.com\/fr\/wp-json\/wp\/v2\/product_cat?post=19960"},{"taxonomy":"product_tag","embeddable":true,"href":"https:\/\/esentialaroms.com\/fr\/wp-json\/wp\/v2\/product_tag?post=19960"}],"curies":[{"name":"wp","href":"https:\/\/api.w.org\/{rel}","templated":true}]}}