{"id":15809,"date":"2026-05-07T14:24:32","date_gmt":"2026-05-07T12:24:32","guid":{"rendered":"https:\/\/esentialaroms.com\/productos\/esentialaromatic-difusor-de-pared-con-lampara-2\/"},"modified":"2026-05-08T14:07:57","modified_gmt":"2026-05-08T12:07:57","slug":"esentialaromatic-difusor-de-pared-con-lampara-2","status":"publish","type":"product","link":"https:\/\/esentialaroms.com\/fr\/productos\/esentialaromatic-difusor-de-pared-con-lampara-2\/","title":{"rendered":"ESENTIAL&rsquo;AROMATIC diffuseur mural avec lampe"},"content":{"rendered":"<div>Il \u00e9vapore l\u2019huile essentielle pour offrir son parfum naturellement. Son ar\u00f4me parfume, nettoie et \u00e9quilibre l\u2019environnement. Avec lumi\u00e8re LED (3 niveaux d\u2019intensit\u00e9) et d\u00e9tecteur de mouvement infrarouge avec une port\u00e9e de jusqu&rsquo;\u00e0 4,5 m. &nbsp;<\/div>\n<div>POUR L\u2019AROMATH\u00c9RAPIE SCIENTIFIQUE &#8211; Esential\u2019ar\u00f4ms poss\u00e9de une collection de synergies aromatiques et une large gamme d\u2019huiles essentielles 100% pures et naturelles pour diffuser. &nbsp;<\/div>\n","protected":false},"excerpt":{"rendered":"<div>Il \u00e9vapore l&rsquo;huile essentielle pour diffuser son parfum de mani\u00e8re naturelle. &nbsp;<\/div>\n<div>Son ar\u00f4me parfume, purifie et \u00e9quilibre l&rsquo;atmosph\u00e8re. &nbsp;<\/div>\n<div>Avec lumi\u00e8re LED (3 niveaux d&rsquo;intensit\u00e9) et capteur infrarouge de mouvement d&rsquo;une port\u00e9e maximale de 4,5 m. &nbsp;<\/div>\n","protected":false},"featured_media":15810,"comment_status":"open","ping_status":"closed","template":"","meta":{"_acf_changed":false,"rs_blank_template":"","rs_page_bg_color":"","slide_template_v7":""},"product_brand":[],"product_cat":[307,316],"product_tag":[],"class_list":{"0":"post-15809","1":"product","2":"type-product","3":"status-publish","4":"has-post-thumbnail","6":"product_cat-aromatherapie","7":"product_cat-esential-diffusion-synergies-aromatiques","9":"first","10":"instock","11":"shipping-taxable","12":"purchasable","13":"product-type-simple"},"acf":[],"_links":{"self":[{"href":"https:\/\/esentialaroms.com\/fr\/wp-json\/wp\/v2\/product\/15809","targetHints":{"allow":["GET"]}}],"collection":[{"href":"https:\/\/esentialaroms.com\/fr\/wp-json\/wp\/v2\/product"}],"about":[{"href":"https:\/\/esentialaroms.com\/fr\/wp-json\/wp\/v2\/types\/product"}],"replies":[{"embeddable":true,"href":"https:\/\/esentialaroms.com\/fr\/wp-json\/wp\/v2\/comments?post=15809"}],"version-history":[{"count":1,"href":"https:\/\/esentialaroms.com\/fr\/wp-json\/wp\/v2\/product\/15809\/revisions"}],"predecessor-version":[{"id":15815,"href":"https:\/\/esentialaroms.com\/fr\/wp-json\/wp\/v2\/product\/15809\/revisions\/15815"}],"wp:featuredmedia":[{"embeddable":true,"href":"https:\/\/esentialaroms.com\/fr\/wp-json\/wp\/v2\/media\/15810"}],"wp:attachment":[{"href":"https:\/\/esentialaroms.com\/fr\/wp-json\/wp\/v2\/media?parent=15809"}],"wp:term":[{"taxonomy":"product_brand","embeddable":true,"href":"https:\/\/esentialaroms.com\/fr\/wp-json\/wp\/v2\/product_brand?post=15809"},{"taxonomy":"product_cat","embeddable":true,"href":"https:\/\/esentialaroms.com\/fr\/wp-json\/wp\/v2\/product_cat?post=15809"},{"taxonomy":"product_tag","embeddable":true,"href":"https:\/\/esentialaroms.com\/fr\/wp-json\/wp\/v2\/product_tag?post=15809"}],"curies":[{"name":"wp","href":"https:\/\/api.w.org\/{rel}","templated":true}]}}