{"id":15770,"date":"2026-05-07T14:24:28","date_gmt":"2026-05-07T12:24:28","guid":{"rendered":"https:\/\/esentialaroms.com\/productos\/esentialmist-humidificador-80ml-con-cromoterapia-2\/"},"modified":"2026-05-07T14:24:31","modified_gmt":"2026-05-07T12:24:31","slug":"esentialmist-humidificador-80ml-con-cromoterapia-2","status":"publish","type":"product","link":"https:\/\/esentialaroms.com\/fr\/productos\/esentialmist-humidificador-80ml-con-cromoterapia-2\/","title":{"rendered":"ESENTIAL&rsquo;MIST humidificateur 80ml avec chromoth\u00e9rapie"},"content":{"rendered":"<div>C&rsquo;est un diffuseur &#8211; humidificateur d&rsquo;aromath\u00e9rapie avec la chromoth\u00e9rapie. Ce produit utilise des ultrasons pour vaporiser l&rsquo;eau et l&rsquo;huile essentielle de votre choix. Sa vapeur fra\u00eeche et parfum\u00e9e nettoie et \u00e9quilibre l&rsquo;atmosph\u00e8re et g\u00e9n\u00e8re un niveau optimal d&rsquo;humidit\u00e9. Avec la lumi\u00e8re LED (diff\u00e9rentes couleurs). &nbsp;<\/div>\n<div>Esential&rsquo;ar\u00f4ms propose une collection de synergies aromatiques et une large gamme d&rsquo;huiles essentielles \u00e0 diffuser. &nbsp;<\/div>\n","protected":false},"excerpt":{"rendered":"<div>Il utilise des ondes ultrasoniques pour vaporiser de l&rsquo;eau et des huiles essentielles. Sa vapeur fra\u00eeche et parfum\u00e9e purifie et \u00e9quilibre l&rsquo;atmosph\u00e8re en fournissant un niveau d&rsquo;humidit\u00e9 optimal. &nbsp;<\/div>\n","protected":false},"featured_media":15771,"comment_status":"open","ping_status":"closed","template":"","meta":{"_acf_changed":false,"rs_blank_template":"","rs_page_bg_color":"","slide_template_v7":""},"product_brand":[],"product_cat":[307,316],"product_tag":[],"class_list":{"0":"post-15770","1":"product","2":"type-product","3":"status-publish","4":"has-post-thumbnail","6":"product_cat-aromatherapie","7":"product_cat-esential-diffusion-synergies-aromatiques","9":"first","10":"instock","11":"shipping-taxable","12":"purchasable","13":"product-type-simple"},"acf":[],"_links":{"self":[{"href":"https:\/\/esentialaroms.com\/fr\/wp-json\/wp\/v2\/product\/15770","targetHints":{"allow":["GET"]}}],"collection":[{"href":"https:\/\/esentialaroms.com\/fr\/wp-json\/wp\/v2\/product"}],"about":[{"href":"https:\/\/esentialaroms.com\/fr\/wp-json\/wp\/v2\/types\/product"}],"replies":[{"embeddable":true,"href":"https:\/\/esentialaroms.com\/fr\/wp-json\/wp\/v2\/comments?post=15770"}],"version-history":[{"count":1,"href":"https:\/\/esentialaroms.com\/fr\/wp-json\/wp\/v2\/product\/15770\/revisions"}],"predecessor-version":[{"id":15774,"href":"https:\/\/esentialaroms.com\/fr\/wp-json\/wp\/v2\/product\/15770\/revisions\/15774"}],"wp:featuredmedia":[{"embeddable":true,"href":"https:\/\/esentialaroms.com\/fr\/wp-json\/wp\/v2\/media\/15771"}],"wp:attachment":[{"href":"https:\/\/esentialaroms.com\/fr\/wp-json\/wp\/v2\/media?parent=15770"}],"wp:term":[{"taxonomy":"product_brand","embeddable":true,"href":"https:\/\/esentialaroms.com\/fr\/wp-json\/wp\/v2\/product_brand?post=15770"},{"taxonomy":"product_cat","embeddable":true,"href":"https:\/\/esentialaroms.com\/fr\/wp-json\/wp\/v2\/product_cat?post=15770"},{"taxonomy":"product_tag","embeddable":true,"href":"https:\/\/esentialaroms.com\/fr\/wp-json\/wp\/v2\/product_tag?post=15770"}],"curies":[{"name":"wp","href":"https:\/\/api.w.org\/{rel}","templated":true}]}}