{"id":15650,"date":"2026-05-07T14:23:55","date_gmt":"2026-05-07T12:23:55","guid":{"rendered":"https:\/\/esentialaroms.com\/productos\/mascarilla-exfoliante-arbol-del-te-2\/"},"modified":"2026-05-07T14:23:57","modified_gmt":"2026-05-07T12:23:57","slug":"mascarilla-exfoliante-arbol-del-te-2","status":"publish","type":"product","link":"https:\/\/esentialaroms.com\/fr\/productos\/mascarilla-exfoliante-arbol-del-te-2\/","title":{"rendered":"MASQUE EXFOLIANT Arbre \u00e0 Th\u00e9"},"content":{"rendered":"","protected":false},"excerpt":{"rendered":"<div>Masque facial exfoliant qui purifie, hydrate et r\u00e9g\u00e9n\u00e8re la peau. &nbsp;<\/div>\n","protected":false},"featured_media":15651,"comment_status":"open","ping_status":"closed","template":"","meta":{"_acf_changed":false,"rs_blank_template":"","rs_page_bg_color":"","slide_template_v7":""},"product_brand":[],"product_cat":[340,322,358,337,361,355],"product_tag":[],"class_list":{"0":"post-15650","1":"product","2":"type-product","3":"status-publish","4":"has-post-thumbnail","6":"product_cat-besoins","7":"product_cat-familles","8":"product_cat-soins-de-la-peau","9":"product_cat-theier","10":"product_cat-type-de-peau","11":"product_cat-visage","13":"first","14":"instock","15":"shipping-taxable","16":"purchasable","17":"product-type-simple"},"acf":[],"_links":{"self":[{"href":"https:\/\/esentialaroms.com\/fr\/wp-json\/wp\/v2\/product\/15650","targetHints":{"allow":["GET"]}}],"collection":[{"href":"https:\/\/esentialaroms.com\/fr\/wp-json\/wp\/v2\/product"}],"about":[{"href":"https:\/\/esentialaroms.com\/fr\/wp-json\/wp\/v2\/types\/product"}],"replies":[{"embeddable":true,"href":"https:\/\/esentialaroms.com\/fr\/wp-json\/wp\/v2\/comments?post=15650"}],"version-history":[{"count":1,"href":"https:\/\/esentialaroms.com\/fr\/wp-json\/wp\/v2\/product\/15650\/revisions"}],"predecessor-version":[{"id":15653,"href":"https:\/\/esentialaroms.com\/fr\/wp-json\/wp\/v2\/product\/15650\/revisions\/15653"}],"wp:featuredmedia":[{"embeddable":true,"href":"https:\/\/esentialaroms.com\/fr\/wp-json\/wp\/v2\/media\/15651"}],"wp:attachment":[{"href":"https:\/\/esentialaroms.com\/fr\/wp-json\/wp\/v2\/media?parent=15650"}],"wp:term":[{"taxonomy":"product_brand","embeddable":true,"href":"https:\/\/esentialaroms.com\/fr\/wp-json\/wp\/v2\/product_brand?post=15650"},{"taxonomy":"product_cat","embeddable":true,"href":"https:\/\/esentialaroms.com\/fr\/wp-json\/wp\/v2\/product_cat?post=15650"},{"taxonomy":"product_tag","embeddable":true,"href":"https:\/\/esentialaroms.com\/fr\/wp-json\/wp\/v2\/product_tag?post=15650"}],"curies":[{"name":"wp","href":"https:\/\/api.w.org\/{rel}","templated":true}]}}