{"id":15635,"date":"2026-05-07T14:23:51","date_gmt":"2026-05-07T12:23:51","guid":{"rendered":"https:\/\/esentialaroms.com\/productos\/crema-de-dia-antiedad-pro-collagen-2\/"},"modified":"2026-05-07T14:23:54","modified_gmt":"2026-05-07T12:23:54","slug":"crema-de-dia-antiedad-pro-collagen-2","status":"publish","type":"product","link":"https:\/\/esentialaroms.com\/fr\/productos\/crema-de-dia-antiedad-pro-collagen-2\/","title":{"rendered":"CR\u00c8ME DE JOUR ANTI-\u00c2GE Pro-Collagen"},"content":{"rendered":"<div>Acide hyaluronique naturel. Soin anti-taches. 12 h d\u2019hydratation. &nbsp;<\/div>\n","protected":false},"excerpt":{"rendered":"<div>Restructure, retend et pr\u00e9vient les signes du vieillissement. Apporte en outre un bouclier anti-pollution et un effet silicone-like gr\u00e2ce \u00e0 sa teneur en alternatives naturelles aux silicones. Cr\u00e8me de derni\u00e8re g\u00e9n\u00e9ration formul\u00e9e avec un \u00e9mulsifiant d\u2019origine naturelle extrait de l\u2019olive et un complexe d\u2019acides gras similaire \u00e0 la composition lipidique de la peau qui am\u00e9liore l\u2019int\u00e9grit\u00e9 de la barri\u00e8re. &nbsp;<\/div>\n","protected":false},"featured_media":15636,"comment_status":"open","ping_status":"closed","template":"","meta":{"_acf_changed":false,"rs_blank_template":"","rs_page_bg_color":"","slide_template_v7":""},"product_brand":[],"product_cat":[524,340,322,559,483,358,355],"product_tag":[],"class_list":{"0":"post-15635","1":"product","2":"type-product","3":"status-publish","4":"has-post-thumbnail","6":"product_cat-anti-age","7":"product_cat-besoins","8":"product_cat-familles","9":"product_cat-nouveaux-produits","10":"product_cat-pro-collagen","11":"product_cat-soins-de-la-peau","12":"product_cat-visage","14":"first","15":"instock","16":"shipping-taxable","17":"purchasable","18":"product-type-simple"},"acf":[],"_links":{"self":[{"href":"https:\/\/esentialaroms.com\/fr\/wp-json\/wp\/v2\/product\/15635","targetHints":{"allow":["GET"]}}],"collection":[{"href":"https:\/\/esentialaroms.com\/fr\/wp-json\/wp\/v2\/product"}],"about":[{"href":"https:\/\/esentialaroms.com\/fr\/wp-json\/wp\/v2\/types\/product"}],"replies":[{"embeddable":true,"href":"https:\/\/esentialaroms.com\/fr\/wp-json\/wp\/v2\/comments?post=15635"}],"version-history":[{"count":1,"href":"https:\/\/esentialaroms.com\/fr\/wp-json\/wp\/v2\/product\/15635\/revisions"}],"predecessor-version":[{"id":15638,"href":"https:\/\/esentialaroms.com\/fr\/wp-json\/wp\/v2\/product\/15635\/revisions\/15638"}],"wp:featuredmedia":[{"embeddable":true,"href":"https:\/\/esentialaroms.com\/fr\/wp-json\/wp\/v2\/media\/15636"}],"wp:attachment":[{"href":"https:\/\/esentialaroms.com\/fr\/wp-json\/wp\/v2\/media?parent=15635"}],"wp:term":[{"taxonomy":"product_brand","embeddable":true,"href":"https:\/\/esentialaroms.com\/fr\/wp-json\/wp\/v2\/product_brand?post=15635"},{"taxonomy":"product_cat","embeddable":true,"href":"https:\/\/esentialaroms.com\/fr\/wp-json\/wp\/v2\/product_cat?post=15635"},{"taxonomy":"product_tag","embeddable":true,"href":"https:\/\/esentialaroms.com\/fr\/wp-json\/wp\/v2\/product_tag?post=15635"}],"curies":[{"name":"wp","href":"https:\/\/api.w.org\/{rel}","templated":true}]}}