{"id":15622,"date":"2026-05-07T14:23:49","date_gmt":"2026-05-07T12:23:49","guid":{"rendered":"https:\/\/esentialaroms.com\/productos\/crema-contorno-de-ojos-pro-collagen-2\/"},"modified":"2026-05-07T14:23:50","modified_gmt":"2026-05-07T12:23:50","slug":"crema-contorno-de-ojos-pro-collagen-2","status":"publish","type":"product","link":"https:\/\/esentialaroms.com\/fr\/productos\/crema-contorno-de-ojos-pro-collagen-2\/","title":{"rendered":"CR\u00c8ME CONTOUR DES YEUX Pro-Collagen"},"content":{"rendered":"","protected":false},"excerpt":{"rendered":"<div>Cr\u00e8me contour des yeux avec des effets anti-\u00e2ge et antiox skin protection pour tous les types de peau. &nbsp;<\/div>\n","protected":false},"featured_media":15623,"comment_status":"open","ping_status":"closed","template":"","meta":{"_acf_changed":false,"rs_blank_template":"","rs_page_bg_color":"","slide_template_v7":""},"product_brand":[],"product_cat":[524,340,322,483,358,355],"product_tag":[],"class_list":{"0":"post-15622","1":"product","2":"type-product","3":"status-publish","4":"has-post-thumbnail","6":"product_cat-anti-age","7":"product_cat-besoins","8":"product_cat-familles","9":"product_cat-pro-collagen","10":"product_cat-soins-de-la-peau","11":"product_cat-visage","13":"first","14":"instock","15":"shipping-taxable","16":"purchasable","17":"product-type-simple"},"acf":[],"_links":{"self":[{"href":"https:\/\/esentialaroms.com\/fr\/wp-json\/wp\/v2\/product\/15622","targetHints":{"allow":["GET"]}}],"collection":[{"href":"https:\/\/esentialaroms.com\/fr\/wp-json\/wp\/v2\/product"}],"about":[{"href":"https:\/\/esentialaroms.com\/fr\/wp-json\/wp\/v2\/types\/product"}],"replies":[{"embeddable":true,"href":"https:\/\/esentialaroms.com\/fr\/wp-json\/wp\/v2\/comments?post=15622"}],"version-history":[{"count":1,"href":"https:\/\/esentialaroms.com\/fr\/wp-json\/wp\/v2\/product\/15622\/revisions"}],"predecessor-version":[{"id":15624,"href":"https:\/\/esentialaroms.com\/fr\/wp-json\/wp\/v2\/product\/15622\/revisions\/15624"}],"wp:featuredmedia":[{"embeddable":true,"href":"https:\/\/esentialaroms.com\/fr\/wp-json\/wp\/v2\/media\/15623"}],"wp:attachment":[{"href":"https:\/\/esentialaroms.com\/fr\/wp-json\/wp\/v2\/media?parent=15622"}],"wp:term":[{"taxonomy":"product_brand","embeddable":true,"href":"https:\/\/esentialaroms.com\/fr\/wp-json\/wp\/v2\/product_brand?post=15622"},{"taxonomy":"product_cat","embeddable":true,"href":"https:\/\/esentialaroms.com\/fr\/wp-json\/wp\/v2\/product_cat?post=15622"},{"taxonomy":"product_tag","embeddable":true,"href":"https:\/\/esentialaroms.com\/fr\/wp-json\/wp\/v2\/product_tag?post=15622"}],"curies":[{"name":"wp","href":"https:\/\/api.w.org\/{rel}","templated":true}]}}