{"id":15611,"date":"2026-05-07T14:23:47","date_gmt":"2026-05-07T12:23:47","guid":{"rendered":"https:\/\/esentialaroms.com\/productos\/mascarilla-facial-pro-collagen-2\/"},"modified":"2026-05-07T14:23:48","modified_gmt":"2026-05-07T12:23:48","slug":"mascarilla-facial-pro-collagen-2","status":"publish","type":"product","link":"https:\/\/esentialaroms.com\/fr\/productos\/mascarilla-facial-pro-collagen-2\/","title":{"rendered":"MASQUE VISAGE Pro-Collagen"},"content":{"rendered":"","protected":false},"excerpt":{"rendered":"<div>Le masque Pro-collagen rel\u00e8ve, raffermit et illumine instantan\u00e9ment la peau. Stimule la production de collag\u00e8ne, dynamise, ravive et nourrit la peau. Contient des antioxydants pr\u00e9cieux qui affinent la peau du visage pour un aspect plus frais et radieux. Masque impr\u00e9gn\u00e9 d\u2019acide hyaluronique issu d\u2019un proc\u00e9d\u00e9 biotechnologique. &nbsp;<\/div>\n","protected":false},"featured_media":15612,"comment_status":"open","ping_status":"closed","template":"","meta":{"_acf_changed":false,"rs_blank_template":"","rs_page_bg_color":"","slide_template_v7":""},"product_brand":[],"product_cat":[524,340,322,483,358,355],"product_tag":[],"class_list":{"0":"post-15611","1":"product","2":"type-product","3":"status-publish","4":"has-post-thumbnail","6":"product_cat-anti-age","7":"product_cat-besoins","8":"product_cat-familles","9":"product_cat-pro-collagen","10":"product_cat-soins-de-la-peau","11":"product_cat-visage","13":"first","14":"instock","15":"shipping-taxable","16":"purchasable","17":"product-type-simple"},"acf":[],"_links":{"self":[{"href":"https:\/\/esentialaroms.com\/fr\/wp-json\/wp\/v2\/product\/15611","targetHints":{"allow":["GET"]}}],"collection":[{"href":"https:\/\/esentialaroms.com\/fr\/wp-json\/wp\/v2\/product"}],"about":[{"href":"https:\/\/esentialaroms.com\/fr\/wp-json\/wp\/v2\/types\/product"}],"replies":[{"embeddable":true,"href":"https:\/\/esentialaroms.com\/fr\/wp-json\/wp\/v2\/comments?post=15611"}],"version-history":[{"count":1,"href":"https:\/\/esentialaroms.com\/fr\/wp-json\/wp\/v2\/product\/15611\/revisions"}],"predecessor-version":[{"id":15613,"href":"https:\/\/esentialaroms.com\/fr\/wp-json\/wp\/v2\/product\/15611\/revisions\/15613"}],"wp:featuredmedia":[{"embeddable":true,"href":"https:\/\/esentialaroms.com\/fr\/wp-json\/wp\/v2\/media\/15612"}],"wp:attachment":[{"href":"https:\/\/esentialaroms.com\/fr\/wp-json\/wp\/v2\/media?parent=15611"}],"wp:term":[{"taxonomy":"product_brand","embeddable":true,"href":"https:\/\/esentialaroms.com\/fr\/wp-json\/wp\/v2\/product_brand?post=15611"},{"taxonomy":"product_cat","embeddable":true,"href":"https:\/\/esentialaroms.com\/fr\/wp-json\/wp\/v2\/product_cat?post=15611"},{"taxonomy":"product_tag","embeddable":true,"href":"https:\/\/esentialaroms.com\/fr\/wp-json\/wp\/v2\/product_tag?post=15611"}],"curies":[{"name":"wp","href":"https:\/\/api.w.org\/{rel}","templated":true}]}}