{"id":15598,"date":"2026-05-07T14:23:43","date_gmt":"2026-05-07T12:23:43","guid":{"rendered":"https:\/\/esentialaroms.com\/productos\/manteca-de-karite-2\/"},"modified":"2026-05-07T14:23:46","modified_gmt":"2026-05-07T12:23:46","slug":"manteca-de-karite-2","status":"publish","type":"product","link":"https:\/\/esentialaroms.com\/fr\/productos\/manteca-de-karite-2\/","title":{"rendered":"BEURRE DE KARIT\u00c9"},"content":{"rendered":"<div>Nos beurres sont 100 % d&rsquo;origine naturelle, fabriqu\u00e9s artisanalement en collaboration avec une coop\u00e9rative de femmes au Burkina Faso dans le cadre du commerce \u00e9quitable. Ce processus traditionnel de production de beurre de karit\u00e9 a contribu\u00e9 \u00e0 l&rsquo;autonomisation de ces femmes en renfor\u00e7ant leur estime de soi et en leur permettant de gagner le respect de leur famille et le droit de s&rsquo;exprimer au sein de leur communaut\u00e9. De plus, nos beurres ultrafiltr\u00e9s conservent toutes leurs propri\u00e9t\u00e9s intactes. &nbsp;<\/div>\n<div>Applications du beurre de karit\u00e9 : &nbsp;<\/div>\n<div>\u00b7 Hydratation de la peau : zones s\u00e8ches des mains, des coudes et des pieds. &nbsp;<\/div>\n<div>\u00b7 Hydratation des cheveux. &nbsp;<\/div>\n<div>\u00b7 Soin des ongles. &nbsp;<\/div>\n<div>\u00b7 Protection des l\u00e8vres. &nbsp;<\/div>\n<div>\u00b7 Parfums solides : utilisez-le comme base pour ajouter des huiles essentielles et formuler vos propres cr\u00e8mes naturelles. &nbsp;<\/div>\n","protected":false},"excerpt":{"rendered":"<div>Beurre de karit\u00e9 pour le visage et le corps. Obtenu \u00e0 partir des graines d&rsquo;un arbre africain qui contiennent 50 % d&rsquo;acides gras. Sp\u00e9cialement con\u00e7u pour les peaux qui ont besoin d&rsquo;\u00eatre nourries et hydrat\u00e9es en profondeur. &nbsp;<\/div>\n<div>\u00b7 Tr\u00e8s hydratant &nbsp;<\/div>\n<div>\u00b7 R\u00e9g\u00e9n\u00e9rant &nbsp;<\/div>\n<div>\u00b7 Nourrissant &nbsp;<\/div>\n","protected":false},"featured_media":15599,"comment_status":"open","ping_status":"closed","template":"","meta":{"_acf_changed":false,"rs_blank_template":"","rs_page_bg_color":"","slide_template_v7":""},"product_brand":[],"product_cat":[340,476,322,512,503,506],"product_tag":[],"class_list":{"0":"post-15598","1":"product","2":"type-product","3":"status-publish","4":"has-post-thumbnail","6":"product_cat-besoins","7":"product_cat-beurre-de-karite","8":"product_cat-familles","9":"product_cat-jambes-et-pieds","10":"product_cat-physique","11":"product_cat-soins-corporels","13":"first","14":"instock","15":"shipping-taxable","16":"purchasable","17":"product-type-simple"},"acf":[],"_links":{"self":[{"href":"https:\/\/esentialaroms.com\/fr\/wp-json\/wp\/v2\/product\/15598","targetHints":{"allow":["GET"]}}],"collection":[{"href":"https:\/\/esentialaroms.com\/fr\/wp-json\/wp\/v2\/product"}],"about":[{"href":"https:\/\/esentialaroms.com\/fr\/wp-json\/wp\/v2\/types\/product"}],"replies":[{"embeddable":true,"href":"https:\/\/esentialaroms.com\/fr\/wp-json\/wp\/v2\/comments?post=15598"}],"version-history":[{"count":1,"href":"https:\/\/esentialaroms.com\/fr\/wp-json\/wp\/v2\/product\/15598\/revisions"}],"predecessor-version":[{"id":15601,"href":"https:\/\/esentialaroms.com\/fr\/wp-json\/wp\/v2\/product\/15598\/revisions\/15601"}],"wp:featuredmedia":[{"embeddable":true,"href":"https:\/\/esentialaroms.com\/fr\/wp-json\/wp\/v2\/media\/15599"}],"wp:attachment":[{"href":"https:\/\/esentialaroms.com\/fr\/wp-json\/wp\/v2\/media?parent=15598"}],"wp:term":[{"taxonomy":"product_brand","embeddable":true,"href":"https:\/\/esentialaroms.com\/fr\/wp-json\/wp\/v2\/product_brand?post=15598"},{"taxonomy":"product_cat","embeddable":true,"href":"https:\/\/esentialaroms.com\/fr\/wp-json\/wp\/v2\/product_cat?post=15598"},{"taxonomy":"product_tag","embeddable":true,"href":"https:\/\/esentialaroms.com\/fr\/wp-json\/wp\/v2\/product_tag?post=15598"}],"curies":[{"name":"wp","href":"https:\/\/api.w.org\/{rel}","templated":true}]}}