{"id":15581,"date":"2026-05-07T14:23:40","date_gmt":"2026-05-07T12:23:40","guid":{"rendered":"https:\/\/esentialaroms.com\/productos\/kit-aromaterapia-cientifica-2\/"},"modified":"2026-05-07T14:23:42","modified_gmt":"2026-05-07T12:23:42","slug":"kit-aromaterapia-cientifica-2","status":"publish","type":"product","link":"https:\/\/esentialaroms.com\/fr\/productos\/kit-aromaterapia-cientifica-2\/","title":{"rendered":"KIT AROMATH\u00c9RAPIE SCIENTIFIQUE"},"content":{"rendered":"","protected":false},"excerpt":{"rendered":"<div>Cette bo\u00eete** est parfaitement con\u00e7ue pour ranger 37 huiles essentielles H.E.B.B.D.* et elle contient en cadeau 2 r\u00e9cipients pour les m\u00e9langes, 2 pipettes pasteur, un guide pratique rapide pour une utilisation correcte des huiles essentielles et une bo\u00eete de comprim\u00e9s neutres, pour les huiles essentielles qui peuvent \u00eatre administr\u00e9es par voie orale. Cr\u00e9ez votre propre trousse familiale d&rsquo;aromath\u00e9rapie et \u00e9laborez les formules n\u00e9cessaires \u00e0 votre bien-\u00eatre naturel. &nbsp;<\/div>\n<div>*Huile Essentielle Botaniquement et Biochimiquement D\u00e9finie. &nbsp;<\/div>\n<div>**La bo\u00eete ne comprend pas les 37 huiles essentielles. Elle est vendue vide afin que vous puissiez la remplir selon vos besoins. &nbsp;<\/div>\n","protected":false},"featured_media":15582,"comment_status":"open","ping_status":"closed","template":"","meta":{"_acf_changed":false,"rs_blank_template":"","rs_page_bg_color":"","slide_template_v7":""},"product_brand":[],"product_cat":[307,422],"product_tag":[],"class_list":{"0":"post-15581","1":"product","2":"type-product","3":"status-publish","4":"has-post-thumbnail","6":"product_cat-aromatherapie","7":"product_cat-aromatherapie-scientifique","9":"first","10":"instock","11":"shipping-taxable","12":"purchasable","13":"product-type-simple"},"acf":[],"_links":{"self":[{"href":"https:\/\/esentialaroms.com\/fr\/wp-json\/wp\/v2\/product\/15581","targetHints":{"allow":["GET"]}}],"collection":[{"href":"https:\/\/esentialaroms.com\/fr\/wp-json\/wp\/v2\/product"}],"about":[{"href":"https:\/\/esentialaroms.com\/fr\/wp-json\/wp\/v2\/types\/product"}],"replies":[{"embeddable":true,"href":"https:\/\/esentialaroms.com\/fr\/wp-json\/wp\/v2\/comments?post=15581"}],"version-history":[{"count":1,"href":"https:\/\/esentialaroms.com\/fr\/wp-json\/wp\/v2\/product\/15581\/revisions"}],"predecessor-version":[{"id":15584,"href":"https:\/\/esentialaroms.com\/fr\/wp-json\/wp\/v2\/product\/15581\/revisions\/15584"}],"wp:featuredmedia":[{"embeddable":true,"href":"https:\/\/esentialaroms.com\/fr\/wp-json\/wp\/v2\/media\/15582"}],"wp:attachment":[{"href":"https:\/\/esentialaroms.com\/fr\/wp-json\/wp\/v2\/media?parent=15581"}],"wp:term":[{"taxonomy":"product_brand","embeddable":true,"href":"https:\/\/esentialaroms.com\/fr\/wp-json\/wp\/v2\/product_brand?post=15581"},{"taxonomy":"product_cat","embeddable":true,"href":"https:\/\/esentialaroms.com\/fr\/wp-json\/wp\/v2\/product_cat?post=15581"},{"taxonomy":"product_tag","embeddable":true,"href":"https:\/\/esentialaroms.com\/fr\/wp-json\/wp\/v2\/product_tag?post=15581"}],"curies":[{"name":"wp","href":"https:\/\/api.w.org\/{rel}","templated":true}]}}