{"id":15535,"date":"2026-05-07T14:16:42","date_gmt":"2026-05-07T12:16:42","guid":{"rendered":"https:\/\/esentialaroms.com\/productos\/scalp-massager-2\/"},"modified":"2026-05-13T09:50:15","modified_gmt":"2026-05-13T07:50:15","slug":"scalp-massager-2","status":"publish","type":"product","link":"https:\/\/esentialaroms.com\/fr\/productos\/scalp-massager-2\/","title":{"rendered":"SCALP MASSAGER"},"content":{"rendered":"","protected":false},"excerpt":{"rendered":"<div>Masseur capillaire en silicone flexible qui stimule la microcirculation et exerce un effet exfoliant. Aide \u00e0 d\u00e9sobstruer le follicule pileux, favorisant une croissance plus forte et plus saine, et laisse le cuir chevelu \u00e9quilibr\u00e9 et revitalis\u00e9. Nettoie en profondeur, \u00e9limine les impuret\u00e9s et l\u2019exc\u00e8s de s\u00e9bum, et optimise l\u2019efficacit\u00e9 du shampooing. Convient \u00e0 tous les types de cheveux.<\/div>\n","protected":false},"featured_media":15537,"comment_status":"open","ping_status":"closed","template":"","meta":{"_acf_changed":false,"rs_blank_template":"","rs_page_bg_color":"","slide_template_v7":""},"product_brand":[],"product_cat":[457,322],"product_tag":[],"class_list":{"0":"post-15535","1":"product","2":"type-product","3":"status-publish","4":"has-post-thumbnail","6":"product_cat-dermoesential","7":"product_cat-familles","9":"first","10":"instock","11":"shipping-taxable","12":"purchasable","13":"product-type-simple"},"acf":[],"_links":{"self":[{"href":"https:\/\/esentialaroms.com\/fr\/wp-json\/wp\/v2\/product\/15535","targetHints":{"allow":["GET"]}}],"collection":[{"href":"https:\/\/esentialaroms.com\/fr\/wp-json\/wp\/v2\/product"}],"about":[{"href":"https:\/\/esentialaroms.com\/fr\/wp-json\/wp\/v2\/types\/product"}],"replies":[{"embeddable":true,"href":"https:\/\/esentialaroms.com\/fr\/wp-json\/wp\/v2\/comments?post=15535"}],"version-history":[{"count":1,"href":"https:\/\/esentialaroms.com\/fr\/wp-json\/wp\/v2\/product\/15535\/revisions"}],"predecessor-version":[{"id":15538,"href":"https:\/\/esentialaroms.com\/fr\/wp-json\/wp\/v2\/product\/15535\/revisions\/15538"}],"wp:featuredmedia":[{"embeddable":true,"href":"https:\/\/esentialaroms.com\/fr\/wp-json\/wp\/v2\/media\/15537"}],"wp:attachment":[{"href":"https:\/\/esentialaroms.com\/fr\/wp-json\/wp\/v2\/media?parent=15535"}],"wp:term":[{"taxonomy":"product_brand","embeddable":true,"href":"https:\/\/esentialaroms.com\/fr\/wp-json\/wp\/v2\/product_brand?post=15535"},{"taxonomy":"product_cat","embeddable":true,"href":"https:\/\/esentialaroms.com\/fr\/wp-json\/wp\/v2\/product_cat?post=15535"},{"taxonomy":"product_tag","embeddable":true,"href":"https:\/\/esentialaroms.com\/fr\/wp-json\/wp\/v2\/product_tag?post=15535"}],"curies":[{"name":"wp","href":"https:\/\/api.w.org\/{rel}","templated":true}]}}