{"id":15524,"date":"2026-05-07T14:16:39","date_gmt":"2026-05-07T12:16:39","guid":{"rendered":"https:\/\/esentialaroms.com\/productos\/esential-sun-2\/"},"modified":"2026-05-07T14:23:33","modified_gmt":"2026-05-07T12:23:33","slug":"esential-sun-2","status":"publish","type":"product","link":"https:\/\/esentialaroms.com\/fr\/productos\/esential-sun-2\/","title":{"rendered":"ESENTIAL SUN"},"content":{"rendered":"","protected":false},"excerpt":{"rendered":"<div>Cr\u00e8me solaire avec SPF 50 (UVA + UVB) pour adultes et enfants. Convient \u00e0 tous types de peau. Avec certification \u00e9cologique &nbsp;<\/div>\n","protected":false},"featured_media":0,"comment_status":"open","ping_status":"closed","template":"","meta":{"_acf_changed":false,"rs_blank_template":"","rs_page_bg_color":"","slide_template_v7":""},"product_brand":[],"product_cat":[322,334],"product_tag":[],"class_list":{"0":"post-15524","1":"product","2":"type-product","3":"status-publish","5":"product_cat-familles","6":"product_cat-solar-esential","8":"first","9":"instock","10":"shipping-taxable","11":"purchasable","12":"product-type-simple"},"acf":[],"_links":{"self":[{"href":"https:\/\/esentialaroms.com\/fr\/wp-json\/wp\/v2\/product\/15524","targetHints":{"allow":["GET"]}}],"collection":[{"href":"https:\/\/esentialaroms.com\/fr\/wp-json\/wp\/v2\/product"}],"about":[{"href":"https:\/\/esentialaroms.com\/fr\/wp-json\/wp\/v2\/types\/product"}],"replies":[{"embeddable":true,"href":"https:\/\/esentialaroms.com\/fr\/wp-json\/wp\/v2\/comments?post=15524"}],"version-history":[{"count":1,"href":"https:\/\/esentialaroms.com\/fr\/wp-json\/wp\/v2\/product\/15524\/revisions"}],"predecessor-version":[{"id":15525,"href":"https:\/\/esentialaroms.com\/fr\/wp-json\/wp\/v2\/product\/15524\/revisions\/15525"}],"wp:attachment":[{"href":"https:\/\/esentialaroms.com\/fr\/wp-json\/wp\/v2\/media?parent=15524"}],"wp:term":[{"taxonomy":"product_brand","embeddable":true,"href":"https:\/\/esentialaroms.com\/fr\/wp-json\/wp\/v2\/product_brand?post=15524"},{"taxonomy":"product_cat","embeddable":true,"href":"https:\/\/esentialaroms.com\/fr\/wp-json\/wp\/v2\/product_cat?post=15524"},{"taxonomy":"product_tag","embeddable":true,"href":"https:\/\/esentialaroms.com\/fr\/wp-json\/wp\/v2\/product_tag?post=15524"}],"curies":[{"name":"wp","href":"https:\/\/api.w.org\/{rel}","templated":true}]}}