{"id":15515,"date":"2026-05-07T14:16:37","date_gmt":"2026-05-07T12:16:37","guid":{"rendered":"https:\/\/esentialaroms.com\/productos\/pack-viaje-esentialfamily-2\/"},"modified":"2026-05-07T14:23:33","modified_gmt":"2026-05-07T12:23:33","slug":"pack-viaje-esentialfamily-2","status":"publish","type":"product","link":"https:\/\/esentialaroms.com\/fr\/productos\/pack-viaje-esentialfamily-2\/","title":{"rendered":"PACK VOYAGE ESENTIAL&rsquo;FAMILY"},"content":{"rendered":"<div>Shampooing Esential&rsquo;Family<\/div>\n<div>\u00b7 Extrait d&rsquo;aloe vera biologique, mac\u00e9rat aromatique de baies de goji et polysaccharides d&rsquo;origine naturelle \u00e0 effet adoucissant.<\/div>\n<div>&nbsp;<\/div>\n<div>Gel corporel Esential&rsquo;Family<\/div>\n<div>\u00b7 Extrait d&rsquo;aloe vera biologique, mac\u00e9rat aromatique de baies de goji et polysaccharides d&rsquo;origine naturelle \u00e0 l&rsquo;effet adoucissant.<\/div>\n<div>&nbsp;<\/div>\n<div>Body Milk Esential&rsquo;Family<\/div>\n<div>\u00b7 Beurre de karit\u00e9, aloe vera, huile vierge d&rsquo;amandes douces, extrait de riz, b\u00e9ta\u00efne et mac\u00e9rat aromatique de baies de goji.<\/div>\n","protected":false},"excerpt":{"rendered":"<div>Vos essentiels voyagent avec vous. Le Pack Esential\u2019Family r\u00e9unit gel corporel, shampooing et lait corporel d\u2019origine naturelle dans un format pratique, id\u00e9al pour le soin quotidien de la peau et des cheveux. Formules douces \u00e0 l\u2019aloe vera et aux baies de goji qui nettoient, hydratent et apportent du confort, en respectant l\u2019\u00e9quilibre cutan\u00e9.<\/div>\n","protected":false},"featured_media":15516,"comment_status":"open","ping_status":"closed","template":"","meta":{"_acf_changed":false,"rs_blank_template":"","rs_page_bg_color":"","slide_template_v7":""},"product_brand":[],"product_cat":[462,322,559],"product_tag":[],"class_list":{"0":"post-15515","1":"product","2":"type-product","3":"status-publish","4":"has-post-thumbnail","6":"product_cat-esentialfamily","7":"product_cat-familles","8":"product_cat-nouveaux-produits","10":"first","11":"instock","12":"shipping-taxable","13":"purchasable","14":"product-type-simple"},"acf":[],"_links":{"self":[{"href":"https:\/\/esentialaroms.com\/fr\/wp-json\/wp\/v2\/product\/15515","targetHints":{"allow":["GET"]}}],"collection":[{"href":"https:\/\/esentialaroms.com\/fr\/wp-json\/wp\/v2\/product"}],"about":[{"href":"https:\/\/esentialaroms.com\/fr\/wp-json\/wp\/v2\/types\/product"}],"replies":[{"embeddable":true,"href":"https:\/\/esentialaroms.com\/fr\/wp-json\/wp\/v2\/comments?post=15515"}],"version-history":[{"count":1,"href":"https:\/\/esentialaroms.com\/fr\/wp-json\/wp\/v2\/product\/15515\/revisions"}],"predecessor-version":[{"id":15517,"href":"https:\/\/esentialaroms.com\/fr\/wp-json\/wp\/v2\/product\/15515\/revisions\/15517"}],"wp:featuredmedia":[{"embeddable":true,"href":"https:\/\/esentialaroms.com\/fr\/wp-json\/wp\/v2\/media\/15516"}],"wp:attachment":[{"href":"https:\/\/esentialaroms.com\/fr\/wp-json\/wp\/v2\/media?parent=15515"}],"wp:term":[{"taxonomy":"product_brand","embeddable":true,"href":"https:\/\/esentialaroms.com\/fr\/wp-json\/wp\/v2\/product_brand?post=15515"},{"taxonomy":"product_cat","embeddable":true,"href":"https:\/\/esentialaroms.com\/fr\/wp-json\/wp\/v2\/product_cat?post=15515"},{"taxonomy":"product_tag","embeddable":true,"href":"https:\/\/esentialaroms.com\/fr\/wp-json\/wp\/v2\/product_tag?post=15515"}],"curies":[{"name":"wp","href":"https:\/\/api.w.org\/{rel}","templated":true}]}}