{"id":15496,"date":"2026-05-07T14:16:30","date_gmt":"2026-05-07T12:16:30","guid":{"rendered":"https:\/\/esentialaroms.com\/productos\/micoesential-2\/"},"modified":"2026-05-07T14:23:32","modified_gmt":"2026-05-07T12:23:32","slug":"micoesential-2","status":"publish","type":"product","link":"https:\/\/esentialaroms.com\/fr\/productos\/micoesential-2\/","title":{"rendered":"MICOESENTIAL"},"content":{"rendered":"","protected":false},"excerpt":{"rendered":"<div>Solution \u00e0 l\u2019arbre \u00e0 th\u00e9 pour le soin de la peau, les pieds et les ongles. &nbsp;<\/div>\n<div>L\u2019huile essentielle d\u2019ARBRE \u00c0 TH\u00c9 a des propri\u00e9t\u00e9s antimicrobiennes naturelles scientifiquement prouv\u00e9es. &nbsp;<\/div>\n","protected":false},"featured_media":15497,"comment_status":"open","ping_status":"closed","template":"","meta":{"_acf_changed":false,"rs_blank_template":"","rs_page_bg_color":"","slide_template_v7":""},"product_brand":[],"product_cat":[340,322,509,512,503,337],"product_tag":[],"class_list":{"0":"post-15496","1":"product","2":"type-product","3":"status-publish","4":"has-post-thumbnail","6":"product_cat-besoins","7":"product_cat-familles","8":"product_cat-hygiene","9":"product_cat-jambes-et-pieds","10":"product_cat-physique","11":"product_cat-theier","13":"first","14":"instock","15":"shipping-taxable","16":"purchasable","17":"product-type-simple"},"acf":[],"_links":{"self":[{"href":"https:\/\/esentialaroms.com\/fr\/wp-json\/wp\/v2\/product\/15496","targetHints":{"allow":["GET"]}}],"collection":[{"href":"https:\/\/esentialaroms.com\/fr\/wp-json\/wp\/v2\/product"}],"about":[{"href":"https:\/\/esentialaroms.com\/fr\/wp-json\/wp\/v2\/types\/product"}],"replies":[{"embeddable":true,"href":"https:\/\/esentialaroms.com\/fr\/wp-json\/wp\/v2\/comments?post=15496"}],"version-history":[{"count":1,"href":"https:\/\/esentialaroms.com\/fr\/wp-json\/wp\/v2\/product\/15496\/revisions"}],"predecessor-version":[{"id":15499,"href":"https:\/\/esentialaroms.com\/fr\/wp-json\/wp\/v2\/product\/15496\/revisions\/15499"}],"wp:featuredmedia":[{"embeddable":true,"href":"https:\/\/esentialaroms.com\/fr\/wp-json\/wp\/v2\/media\/15497"}],"wp:attachment":[{"href":"https:\/\/esentialaroms.com\/fr\/wp-json\/wp\/v2\/media?parent=15496"}],"wp:term":[{"taxonomy":"product_brand","embeddable":true,"href":"https:\/\/esentialaroms.com\/fr\/wp-json\/wp\/v2\/product_brand?post=15496"},{"taxonomy":"product_cat","embeddable":true,"href":"https:\/\/esentialaroms.com\/fr\/wp-json\/wp\/v2\/product_cat?post=15496"},{"taxonomy":"product_tag","embeddable":true,"href":"https:\/\/esentialaroms.com\/fr\/wp-json\/wp\/v2\/product_tag?post=15496"}],"curies":[{"name":"wp","href":"https:\/\/api.w.org\/{rel}","templated":true}]}}