{"id":15483,"date":"2026-05-07T14:16:28","date_gmt":"2026-05-07T12:16:28","guid":{"rendered":"https:\/\/esentialaroms.com\/productos\/gel-corporal-arbol-del-te-2\/"},"modified":"2026-05-07T14:23:32","modified_gmt":"2026-05-07T12:23:32","slug":"gel-corporal-arbol-del-te-2","status":"publish","type":"product","link":"https:\/\/esentialaroms.com\/fr\/productos\/gel-corporal-arbol-del-te-2\/","title":{"rendered":"GEL CORPOREL Arbre \u00e0 Th\u00e9"},"content":{"rendered":"","protected":false},"excerpt":{"rendered":"<div>Cosm\u00e9tique naturel \u00e0 base d&rsquo;ingr\u00e9dients biologiques. &nbsp;<\/div>\n<div>Le gel corporel \u00e0 l&rsquo;arbre \u00e0 th\u00e9 hydrate et purifie la peau en profondeur. L&rsquo;arbre \u00e0 th\u00e9, associ\u00e9 aux propri\u00e9t\u00e9s du neem, offre \u00e0 la peau du corps une action r\u00e9g\u00e9n\u00e9rante, hydratante et r\u00e9gulatrice du s\u00e9bum. &nbsp;<\/div>\n","protected":false},"featured_media":15484,"comment_status":"open","ping_status":"closed","template":"","meta":{"_acf_changed":false,"rs_blank_template":"","rs_page_bg_color":"","slide_template_v7":""},"product_brand":[],"product_cat":[555,322,337],"product_tag":[],"class_list":{"0":"post-15483","1":"product","2":"type-product","3":"status-publish","4":"has-post-thumbnail","6":"product_cat-best-sellers","7":"product_cat-familles","8":"product_cat-theier","10":"first","11":"instock","12":"shipping-taxable","13":"purchasable","14":"product-type-simple"},"acf":[],"_links":{"self":[{"href":"https:\/\/esentialaroms.com\/fr\/wp-json\/wp\/v2\/product\/15483","targetHints":{"allow":["GET"]}}],"collection":[{"href":"https:\/\/esentialaroms.com\/fr\/wp-json\/wp\/v2\/product"}],"about":[{"href":"https:\/\/esentialaroms.com\/fr\/wp-json\/wp\/v2\/types\/product"}],"replies":[{"embeddable":true,"href":"https:\/\/esentialaroms.com\/fr\/wp-json\/wp\/v2\/comments?post=15483"}],"version-history":[{"count":1,"href":"https:\/\/esentialaroms.com\/fr\/wp-json\/wp\/v2\/product\/15483\/revisions"}],"predecessor-version":[{"id":15485,"href":"https:\/\/esentialaroms.com\/fr\/wp-json\/wp\/v2\/product\/15483\/revisions\/15485"}],"wp:featuredmedia":[{"embeddable":true,"href":"https:\/\/esentialaroms.com\/fr\/wp-json\/wp\/v2\/media\/15484"}],"wp:attachment":[{"href":"https:\/\/esentialaroms.com\/fr\/wp-json\/wp\/v2\/media?parent=15483"}],"wp:term":[{"taxonomy":"product_brand","embeddable":true,"href":"https:\/\/esentialaroms.com\/fr\/wp-json\/wp\/v2\/product_brand?post=15483"},{"taxonomy":"product_cat","embeddable":true,"href":"https:\/\/esentialaroms.com\/fr\/wp-json\/wp\/v2\/product_cat?post=15483"},{"taxonomy":"product_tag","embeddable":true,"href":"https:\/\/esentialaroms.com\/fr\/wp-json\/wp\/v2\/product_tag?post=15483"}],"curies":[{"name":"wp","href":"https:\/\/api.w.org\/{rel}","templated":true}]}}