{"id":15470,"date":"2026-05-07T14:16:25","date_gmt":"2026-05-07T12:16:25","guid":{"rendered":"https:\/\/esentialaroms.com\/productos\/manteca-de-karite-y-arbol-del-te-2\/"},"modified":"2026-05-07T14:23:32","modified_gmt":"2026-05-07T12:23:32","slug":"manteca-de-karite-y-arbol-del-te-2","status":"publish","type":"product","link":"https:\/\/esentialaroms.com\/fr\/productos\/manteca-de-karite-y-arbol-del-te-2\/","title":{"rendered":"BEURRE DE KARIT\u00c9 et ARBRE \u00c0 TH\u00c9"},"content":{"rendered":"","protected":false},"excerpt":{"rendered":"<div>Beurre de karit\u00e9, visage et corps. &nbsp;<\/div>\n<div>\u2022 Purifiant &nbsp;<\/div>\n<div>\u2022 Antiseptique &nbsp;<\/div>\n<div>\u2022 Cicatrisant &nbsp;<\/div>\n<div>\u2022 R\u00e9parateur &nbsp;<\/div>\n<div>\u2022 D\u00e9congestionnant &nbsp;<\/div>\n<div>\u2022 Hyperhydratant &nbsp;<\/div>\n","protected":false},"featured_media":15471,"comment_status":"open","ping_status":"closed","template":"","meta":{"_acf_changed":false,"rs_blank_template":"","rs_page_bg_color":"","slide_template_v7":""},"product_brand":[],"product_cat":[340,322,509,512,503,337],"product_tag":[],"class_list":{"0":"post-15470","1":"product","2":"type-product","3":"status-publish","4":"has-post-thumbnail","6":"product_cat-besoins","7":"product_cat-familles","8":"product_cat-hygiene","9":"product_cat-jambes-et-pieds","10":"product_cat-physique","11":"product_cat-theier","13":"first","14":"instock","15":"shipping-taxable","16":"purchasable","17":"product-type-simple"},"acf":[],"_links":{"self":[{"href":"https:\/\/esentialaroms.com\/fr\/wp-json\/wp\/v2\/product\/15470","targetHints":{"allow":["GET"]}}],"collection":[{"href":"https:\/\/esentialaroms.com\/fr\/wp-json\/wp\/v2\/product"}],"about":[{"href":"https:\/\/esentialaroms.com\/fr\/wp-json\/wp\/v2\/types\/product"}],"replies":[{"embeddable":true,"href":"https:\/\/esentialaroms.com\/fr\/wp-json\/wp\/v2\/comments?post=15470"}],"version-history":[{"count":1,"href":"https:\/\/esentialaroms.com\/fr\/wp-json\/wp\/v2\/product\/15470\/revisions"}],"predecessor-version":[{"id":15473,"href":"https:\/\/esentialaroms.com\/fr\/wp-json\/wp\/v2\/product\/15470\/revisions\/15473"}],"wp:featuredmedia":[{"embeddable":true,"href":"https:\/\/esentialaroms.com\/fr\/wp-json\/wp\/v2\/media\/15471"}],"wp:attachment":[{"href":"https:\/\/esentialaroms.com\/fr\/wp-json\/wp\/v2\/media?parent=15470"}],"wp:term":[{"taxonomy":"product_brand","embeddable":true,"href":"https:\/\/esentialaroms.com\/fr\/wp-json\/wp\/v2\/product_brand?post=15470"},{"taxonomy":"product_cat","embeddable":true,"href":"https:\/\/esentialaroms.com\/fr\/wp-json\/wp\/v2\/product_cat?post=15470"},{"taxonomy":"product_tag","embeddable":true,"href":"https:\/\/esentialaroms.com\/fr\/wp-json\/wp\/v2\/product_tag?post=15470"}],"curies":[{"name":"wp","href":"https:\/\/api.w.org\/{rel}","templated":true}]}}