{"id":15457,"date":"2026-05-07T14:16:20","date_gmt":"2026-05-07T12:16:20","guid":{"rendered":"https:\/\/esentialaroms.com\/productos\/aceite-esencial-arbol-del-te-bio-2\/"},"modified":"2026-05-07T14:23:31","modified_gmt":"2026-05-07T12:23:31","slug":"aceite-esencial-arbol-del-te-bio-2","status":"publish","type":"product","link":"https:\/\/esentialaroms.com\/fr\/productos\/aceite-esencial-arbol-del-te-bio-2\/","title":{"rendered":"Huile essentielle ARBRE \u00c0 TH\u00c9 BIO"},"content":{"rendered":"","protected":false},"excerpt":{"rendered":"<div>Huile essentielle botanique et biochimiquement d\u00e9finie (A.E.B.B.D.) chimiotyp\u00e9e (Organe producteur : feuilles \u00b7 D\u00e9finition biochimique : terpinen-4-ol, ?-terpin\u00e8ne). Huile essentielle d&rsquo;origine australienne avec CHIRAL PURITY TEST [terpin\u00e8ne-4-ol (R) +69 %, terpin\u00e8ne-4-ol (S) \u201329 %]. &nbsp;<\/div>\n","protected":false},"featured_media":15458,"comment_status":"open","ping_status":"closed","template":"","meta":{"_acf_changed":false,"rs_blank_template":"","rs_page_bg_color":"","slide_template_v7":""},"product_brand":[],"product_cat":[340,322,337,361,355],"product_tag":[],"class_list":{"0":"post-15457","1":"product","2":"type-product","3":"status-publish","4":"has-post-thumbnail","6":"product_cat-besoins","7":"product_cat-familles","8":"product_cat-theier","9":"product_cat-type-de-peau","10":"product_cat-visage","12":"first","13":"instock","14":"shipping-taxable","15":"purchasable","16":"product-type-simple"},"acf":[],"_links":{"self":[{"href":"https:\/\/esentialaroms.com\/fr\/wp-json\/wp\/v2\/product\/15457","targetHints":{"allow":["GET"]}}],"collection":[{"href":"https:\/\/esentialaroms.com\/fr\/wp-json\/wp\/v2\/product"}],"about":[{"href":"https:\/\/esentialaroms.com\/fr\/wp-json\/wp\/v2\/types\/product"}],"replies":[{"embeddable":true,"href":"https:\/\/esentialaroms.com\/fr\/wp-json\/wp\/v2\/comments?post=15457"}],"version-history":[{"count":1,"href":"https:\/\/esentialaroms.com\/fr\/wp-json\/wp\/v2\/product\/15457\/revisions"}],"predecessor-version":[{"id":15459,"href":"https:\/\/esentialaroms.com\/fr\/wp-json\/wp\/v2\/product\/15457\/revisions\/15459"}],"wp:featuredmedia":[{"embeddable":true,"href":"https:\/\/esentialaroms.com\/fr\/wp-json\/wp\/v2\/media\/15458"}],"wp:attachment":[{"href":"https:\/\/esentialaroms.com\/fr\/wp-json\/wp\/v2\/media?parent=15457"}],"wp:term":[{"taxonomy":"product_brand","embeddable":true,"href":"https:\/\/esentialaroms.com\/fr\/wp-json\/wp\/v2\/product_brand?post=15457"},{"taxonomy":"product_cat","embeddable":true,"href":"https:\/\/esentialaroms.com\/fr\/wp-json\/wp\/v2\/product_cat?post=15457"},{"taxonomy":"product_tag","embeddable":true,"href":"https:\/\/esentialaroms.com\/fr\/wp-json\/wp\/v2\/product_tag?post=15457"}],"curies":[{"name":"wp","href":"https:\/\/api.w.org\/{rel}","templated":true}]}}