{"id":15444,"date":"2026-05-07T14:16:12","date_gmt":"2026-05-07T12:16:12","guid":{"rendered":"https:\/\/esentialaroms.com\/productos\/phytorespir-balsamo-herbal-40-ml-2\/"},"modified":"2026-05-07T14:23:31","modified_gmt":"2026-05-07T12:23:31","slug":"phytorespir-balsamo-herbal-40-ml-2","status":"publish","type":"product","link":"https:\/\/esentialaroms.com\/fr\/productos\/phytorespir-balsamo-herbal-40-ml-2\/","title":{"rendered":"PHYTORESPIR baume \u00e0 base de plantes 40 ml"},"content":{"rendered":"","protected":false},"excerpt":{"rendered":"<div>Produit v\u00e9g\u00e9talien et 100 % naturel, avec des ingr\u00e9dients biologiques. &nbsp;<\/div>\n","protected":false},"featured_media":15445,"comment_status":"open","ping_status":"closed","template":"","meta":{"_acf_changed":false,"rs_blank_template":"","rs_page_bg_color":"","slide_template_v7":""},"product_brand":[],"product_cat":[307,444],"product_tag":[],"class_list":{"0":"post-15444","1":"product","2":"type-product","3":"status-publish","4":"has-post-thumbnail","6":"product_cat-aromatherapie","7":"product_cat-phytorespir","9":"first","10":"instock","11":"shipping-taxable","12":"purchasable","13":"product-type-simple"},"acf":[],"_links":{"self":[{"href":"https:\/\/esentialaroms.com\/fr\/wp-json\/wp\/v2\/product\/15444","targetHints":{"allow":["GET"]}}],"collection":[{"href":"https:\/\/esentialaroms.com\/fr\/wp-json\/wp\/v2\/product"}],"about":[{"href":"https:\/\/esentialaroms.com\/fr\/wp-json\/wp\/v2\/types\/product"}],"replies":[{"embeddable":true,"href":"https:\/\/esentialaroms.com\/fr\/wp-json\/wp\/v2\/comments?post=15444"}],"version-history":[{"count":1,"href":"https:\/\/esentialaroms.com\/fr\/wp-json\/wp\/v2\/product\/15444\/revisions"}],"predecessor-version":[{"id":15447,"href":"https:\/\/esentialaroms.com\/fr\/wp-json\/wp\/v2\/product\/15444\/revisions\/15447"}],"wp:featuredmedia":[{"embeddable":true,"href":"https:\/\/esentialaroms.com\/fr\/wp-json\/wp\/v2\/media\/15445"}],"wp:attachment":[{"href":"https:\/\/esentialaroms.com\/fr\/wp-json\/wp\/v2\/media?parent=15444"}],"wp:term":[{"taxonomy":"product_brand","embeddable":true,"href":"https:\/\/esentialaroms.com\/fr\/wp-json\/wp\/v2\/product_brand?post=15444"},{"taxonomy":"product_cat","embeddable":true,"href":"https:\/\/esentialaroms.com\/fr\/wp-json\/wp\/v2\/product_cat?post=15444"},{"taxonomy":"product_tag","embeddable":true,"href":"https:\/\/esentialaroms.com\/fr\/wp-json\/wp\/v2\/product_tag?post=15444"}],"curies":[{"name":"wp","href":"https:\/\/api.w.org\/{rel}","templated":true}]}}