{"id":15384,"date":"2026-05-07T14:15:35","date_gmt":"2026-05-07T12:15:35","guid":{"rendered":"https:\/\/esentialaroms.com\/productos\/aceite-vegetal-virgen-de-argan-bio-100-ml-2\/"},"modified":"2026-05-07T14:23:30","modified_gmt":"2026-05-07T12:23:30","slug":"aceite-vegetal-virgen-de-argan-bio-100-ml-2","status":"publish","type":"product","link":"https:\/\/esentialaroms.com\/fr\/productos\/aceite-vegetal-virgen-de-argan-bio-100-ml-2\/","title":{"rendered":"HUILE V\u00c9G\u00c9TALE VIERGE d&rsquo;Argan BIO 100 ml"},"content":{"rendered":"","protected":false},"excerpt":{"rendered":"<div>Compl\u00e9ment alimentaire \u00e0 base d&rsquo;huiles d&rsquo;argan, source de O-6 &#8211; O-9 &#8211; ?-tocoph\u00e9rol, 100% d&rsquo;origine naturelle. &nbsp;<\/div>\n","protected":false},"featured_media":15385,"comment_status":"open","ping_status":"closed","template":"","meta":{"_acf_changed":false,"rs_blank_template":"","rs_page_bg_color":"","slide_template_v7":""},"product_brand":[],"product_cat":[325,307,340,322,310,361,355],"product_tag":[],"class_list":{"0":"post-15384","1":"product","2":"type-product","3":"status-publish","4":"has-post-thumbnail","6":"product_cat-argan","7":"product_cat-aromatherapie","8":"product_cat-besoins","9":"product_cat-familles","10":"product_cat-huiles-vegetales","11":"product_cat-type-de-peau","12":"product_cat-visage","14":"first","15":"instock","16":"shipping-taxable","17":"purchasable","18":"product-type-simple"},"acf":[],"_links":{"self":[{"href":"https:\/\/esentialaroms.com\/fr\/wp-json\/wp\/v2\/product\/15384","targetHints":{"allow":["GET"]}}],"collection":[{"href":"https:\/\/esentialaroms.com\/fr\/wp-json\/wp\/v2\/product"}],"about":[{"href":"https:\/\/esentialaroms.com\/fr\/wp-json\/wp\/v2\/types\/product"}],"replies":[{"embeddable":true,"href":"https:\/\/esentialaroms.com\/fr\/wp-json\/wp\/v2\/comments?post=15384"}],"version-history":[{"count":1,"href":"https:\/\/esentialaroms.com\/fr\/wp-json\/wp\/v2\/product\/15384\/revisions"}],"predecessor-version":[{"id":15387,"href":"https:\/\/esentialaroms.com\/fr\/wp-json\/wp\/v2\/product\/15384\/revisions\/15387"}],"wp:featuredmedia":[{"embeddable":true,"href":"https:\/\/esentialaroms.com\/fr\/wp-json\/wp\/v2\/media\/15385"}],"wp:attachment":[{"href":"https:\/\/esentialaroms.com\/fr\/wp-json\/wp\/v2\/media?parent=15384"}],"wp:term":[{"taxonomy":"product_brand","embeddable":true,"href":"https:\/\/esentialaroms.com\/fr\/wp-json\/wp\/v2\/product_brand?post=15384"},{"taxonomy":"product_cat","embeddable":true,"href":"https:\/\/esentialaroms.com\/fr\/wp-json\/wp\/v2\/product_cat?post=15384"},{"taxonomy":"product_tag","embeddable":true,"href":"https:\/\/esentialaroms.com\/fr\/wp-json\/wp\/v2\/product_tag?post=15384"}],"curies":[{"name":"wp","href":"https:\/\/api.w.org\/{rel}","templated":true}]}}