{"id":15310,"date":"2026-05-07T14:11:02","date_gmt":"2026-05-07T12:11:02","guid":{"rendered":"https:\/\/esentialaroms.com\/productos\/womantime-sensual-vitality-2\/"},"modified":"2026-05-07T14:23:28","modified_gmt":"2026-05-07T12:23:28","slug":"womantime-sensual-vitality-2","status":"publish","type":"product","link":"https:\/\/esentialaroms.com\/fr\/productos\/womantime-sensual-vitality-2\/","title":{"rendered":"WOMANTIME Sensual Vitality"},"content":{"rendered":"<div>Les vitamines B6 et B9 contribuent \u00e0 r\u00e9duire la fatigue. La vitamine B6 contribue \u00e0 r\u00e9guler l\u2019activit\u00e9 hormonale. &nbsp;<\/div>\n","protected":false},"excerpt":{"rendered":"<div>WOMANTIME Sensual Vitality est un compl\u00e9ment alimentaire formul\u00e9 avec un extrait de fenugrec, des vitamines du groupe B et du zinc, con\u00e7u pour accompagner le bien-\u00eatre nutritionnel de la femme adulte dans le cadre d\u2019un mode de vie \u00e9quilibr\u00e9. &nbsp;<\/div>\n","protected":false},"featured_media":15311,"comment_status":"open","ping_status":"closed","template":"","meta":{"_acf_changed":false,"rs_blank_template":"","rs_page_bg_color":"","slide_template_v7":""},"product_brand":[],"product_cat":[340,343,346],"product_tag":[],"class_list":{"0":"post-15310","1":"product","2":"type-product","3":"status-publish","4":"has-post-thumbnail","6":"product_cat-besoins","7":"product_cat-bien-etre","8":"product_cat-le-bien-etre-des-femmes","10":"first","11":"instock","12":"shipping-taxable","13":"purchasable","14":"product-type-simple"},"acf":[],"_links":{"self":[{"href":"https:\/\/esentialaroms.com\/fr\/wp-json\/wp\/v2\/product\/15310","targetHints":{"allow":["GET"]}}],"collection":[{"href":"https:\/\/esentialaroms.com\/fr\/wp-json\/wp\/v2\/product"}],"about":[{"href":"https:\/\/esentialaroms.com\/fr\/wp-json\/wp\/v2\/types\/product"}],"replies":[{"embeddable":true,"href":"https:\/\/esentialaroms.com\/fr\/wp-json\/wp\/v2\/comments?post=15310"}],"version-history":[{"count":1,"href":"https:\/\/esentialaroms.com\/fr\/wp-json\/wp\/v2\/product\/15310\/revisions"}],"predecessor-version":[{"id":15314,"href":"https:\/\/esentialaroms.com\/fr\/wp-json\/wp\/v2\/product\/15310\/revisions\/15314"}],"wp:featuredmedia":[{"embeddable":true,"href":"https:\/\/esentialaroms.com\/fr\/wp-json\/wp\/v2\/media\/15311"}],"wp:attachment":[{"href":"https:\/\/esentialaroms.com\/fr\/wp-json\/wp\/v2\/media?parent=15310"}],"wp:term":[{"taxonomy":"product_brand","embeddable":true,"href":"https:\/\/esentialaroms.com\/fr\/wp-json\/wp\/v2\/product_brand?post=15310"},{"taxonomy":"product_cat","embeddable":true,"href":"https:\/\/esentialaroms.com\/fr\/wp-json\/wp\/v2\/product_cat?post=15310"},{"taxonomy":"product_tag","embeddable":true,"href":"https:\/\/esentialaroms.com\/fr\/wp-json\/wp\/v2\/product_tag?post=15310"}],"curies":[{"name":"wp","href":"https:\/\/api.w.org\/{rel}","templated":true}]}}