{"id":15293,"date":"2026-05-07T14:10:58","date_gmt":"2026-05-07T12:10:58","guid":{"rendered":"https:\/\/esentialaroms.com\/productos\/libioil-intim-2\/"},"modified":"2026-05-07T14:23:28","modified_gmt":"2026-05-07T12:23:28","slug":"libioil-intim-2","status":"publish","type":"product","link":"https:\/\/esentialaroms.com\/fr\/productos\/libioil-intim-2\/","title":{"rendered":"LIBI\u2019OIL intim"},"content":{"rendered":"<div>Stimulant sensuel. Test\u00e9 dermatologiquement. Huile naturelle. &nbsp;<\/div>\n","protected":false},"excerpt":{"rendered":"<div>LIBI\u2019OIL intim\u00ae est une huile \u00e0 appliquer sur la vulve et formul\u00e9e \u00e0 partir d\u2019ingr\u00e9dients naturels et biologiques. Avec une action stimulante sur la libido. Effet imm\u00e9diat. &nbsp;<\/div>\n","protected":false},"featured_media":15294,"comment_status":"open","ping_status":"closed","template":"","meta":{"_acf_changed":false,"rs_blank_template":"","rs_page_bg_color":"","slide_template_v7":""},"product_brand":[],"product_cat":[463,322],"product_tag":[],"class_list":{"0":"post-15293","1":"product","2":"type-product","3":"status-publish","4":"has-post-thumbnail","6":"product_cat-esentialwoman","7":"product_cat-familles","9":"first","10":"instock","11":"shipping-taxable","12":"purchasable","13":"product-type-simple"},"acf":[],"_links":{"self":[{"href":"https:\/\/esentialaroms.com\/fr\/wp-json\/wp\/v2\/product\/15293","targetHints":{"allow":["GET"]}}],"collection":[{"href":"https:\/\/esentialaroms.com\/fr\/wp-json\/wp\/v2\/product"}],"about":[{"href":"https:\/\/esentialaroms.com\/fr\/wp-json\/wp\/v2\/types\/product"}],"replies":[{"embeddable":true,"href":"https:\/\/esentialaroms.com\/fr\/wp-json\/wp\/v2\/comments?post=15293"}],"version-history":[{"count":1,"href":"https:\/\/esentialaroms.com\/fr\/wp-json\/wp\/v2\/product\/15293\/revisions"}],"predecessor-version":[{"id":15296,"href":"https:\/\/esentialaroms.com\/fr\/wp-json\/wp\/v2\/product\/15293\/revisions\/15296"}],"wp:featuredmedia":[{"embeddable":true,"href":"https:\/\/esentialaroms.com\/fr\/wp-json\/wp\/v2\/media\/15294"}],"wp:attachment":[{"href":"https:\/\/esentialaroms.com\/fr\/wp-json\/wp\/v2\/media?parent=15293"}],"wp:term":[{"taxonomy":"product_brand","embeddable":true,"href":"https:\/\/esentialaroms.com\/fr\/wp-json\/wp\/v2\/product_brand?post=15293"},{"taxonomy":"product_cat","embeddable":true,"href":"https:\/\/esentialaroms.com\/fr\/wp-json\/wp\/v2\/product_cat?post=15293"},{"taxonomy":"product_tag","embeddable":true,"href":"https:\/\/esentialaroms.com\/fr\/wp-json\/wp\/v2\/product_tag?post=15293"}],"curies":[{"name":"wp","href":"https:\/\/api.w.org\/{rel}","templated":true}]}}