{"id":15280,"date":"2026-05-07T14:10:54","date_gmt":"2026-05-07T12:10:54","guid":{"rendered":"https:\/\/esentialaroms.com\/productos\/esentialgel-intim-2\/"},"modified":"2026-05-07T14:23:28","modified_gmt":"2026-05-07T12:23:28","slug":"esentialgel-intim-2","status":"publish","type":"product","link":"https:\/\/esentialaroms.com\/fr\/productos\/esentialgel-intim-2\/","title":{"rendered":"ESENTIAL\u2019GEL intim"},"content":{"rendered":"<div>Gel intime doux pour la peau &nbsp;<\/div>\n","protected":false},"excerpt":{"rendered":"<div>La zone intime f\u00e9minine est une muqueuse d\u00e9licate avec une flore naturelle qui nous prot\u00e8ge des infections, car elle produit de l&rsquo;acide lactique et g\u00e9n\u00e8re un pH optimal qui aide \u00e0 les pr\u00e9venir. &nbsp;<\/div>\n<div>ESENTIAL&rsquo;GEL INTIM\u00ae est un gel intime naturel, doux et respectueux de la flore naturelle du vagin. Il est formul\u00e9 \u00e0 base de plantes m\u00e9dicinales, d&rsquo;eaux florales de camomille romaine et de n\u00e9roli, d&rsquo;extraits d&rsquo;aloe vera, de racine de consoude, de tilleul, de bourgeons de coton et de violette, et d&rsquo;huiles essentielles de lavandin et d&rsquo;arbre \u00e0 th\u00e9. Avec effet probiotique &#8211; anti-odeur naturel. &nbsp;<\/div>\n<div>Hygi\u00e8ne intime quotidienne. Application facile. Texture agr\u00e9able. Pour usage externe. &nbsp;<\/div>\n","protected":false},"featured_media":15281,"comment_status":"open","ping_status":"closed","template":"","meta":{"_acf_changed":false,"rs_blank_template":"","rs_page_bg_color":"","slide_template_v7":""},"product_brand":[],"product_cat":[463,322],"product_tag":[],"class_list":{"0":"post-15280","1":"product","2":"type-product","3":"status-publish","4":"has-post-thumbnail","6":"product_cat-esentialwoman","7":"product_cat-familles","9":"first","10":"instock","11":"shipping-taxable","12":"purchasable","13":"product-type-simple"},"acf":[],"_links":{"self":[{"href":"https:\/\/esentialaroms.com\/fr\/wp-json\/wp\/v2\/product\/15280","targetHints":{"allow":["GET"]}}],"collection":[{"href":"https:\/\/esentialaroms.com\/fr\/wp-json\/wp\/v2\/product"}],"about":[{"href":"https:\/\/esentialaroms.com\/fr\/wp-json\/wp\/v2\/types\/product"}],"replies":[{"embeddable":true,"href":"https:\/\/esentialaroms.com\/fr\/wp-json\/wp\/v2\/comments?post=15280"}],"version-history":[{"count":1,"href":"https:\/\/esentialaroms.com\/fr\/wp-json\/wp\/v2\/product\/15280\/revisions"}],"predecessor-version":[{"id":15282,"href":"https:\/\/esentialaroms.com\/fr\/wp-json\/wp\/v2\/product\/15280\/revisions\/15282"}],"wp:featuredmedia":[{"embeddable":true,"href":"https:\/\/esentialaroms.com\/fr\/wp-json\/wp\/v2\/media\/15281"}],"wp:attachment":[{"href":"https:\/\/esentialaroms.com\/fr\/wp-json\/wp\/v2\/media?parent=15280"}],"wp:term":[{"taxonomy":"product_brand","embeddable":true,"href":"https:\/\/esentialaroms.com\/fr\/wp-json\/wp\/v2\/product_brand?post=15280"},{"taxonomy":"product_cat","embeddable":true,"href":"https:\/\/esentialaroms.com\/fr\/wp-json\/wp\/v2\/product_cat?post=15280"},{"taxonomy":"product_tag","embeddable":true,"href":"https:\/\/esentialaroms.com\/fr\/wp-json\/wp\/v2\/product_tag?post=15280"}],"curies":[{"name":"wp","href":"https:\/\/api.w.org\/{rel}","templated":true}]}}