{"id":15258,"date":"2026-05-07T14:10:47","date_gmt":"2026-05-07T12:10:47","guid":{"rendered":"https:\/\/esentialaroms.com\/productos\/a-topic-gel-champu-y-gel-corporal-2\/"},"modified":"2026-05-07T14:23:27","modified_gmt":"2026-05-07T12:23:27","slug":"a-topic-gel-champu-y-gel-corporal-2","status":"publish","type":"product","link":"https:\/\/esentialaroms.com\/fr\/productos\/a-topic-gel-champu-y-gel-corporal-2\/","title":{"rendered":"A-Topic Gel SHAMPOING ET GEL DOUCHE"},"content":{"rendered":"","protected":false},"excerpt":{"rendered":"<div>Soins des peaux \u00e0 tendance atopique, s\u00e8ches et tr\u00e8s s\u00e8ches. &nbsp;<\/div>\n<div>A-TOPIC GEL nettoie, hydrate et apaise. Formul\u00e9 avec de l\u2019eau florale de bleuet (riche en mucilage adoucissant pour la peau) et des extraits de camomille allemande, de fleur d\u2019oranger et de consoude (avec une teneur naturelle en allanto\u00efne v\u00e9g\u00e9tale, qui aide \u00e0 apaiser la desquamation et les peaux irrit\u00e9es). &nbsp;<\/div>\n","protected":false},"featured_media":15259,"comment_status":"open","ping_status":"closed","template":"","meta":{"_acf_changed":false,"rs_blank_template":"","rs_page_bg_color":"","slide_template_v7":""},"product_brand":[],"product_cat":[340,457,322,361,355],"product_tag":[],"class_list":{"0":"post-15258","1":"product","2":"type-product","3":"status-publish","4":"has-post-thumbnail","6":"product_cat-besoins","7":"product_cat-dermoesential","8":"product_cat-familles","9":"product_cat-type-de-peau","10":"product_cat-visage","12":"first","13":"instock","14":"shipping-taxable","15":"purchasable","16":"product-type-simple"},"acf":[],"_links":{"self":[{"href":"https:\/\/esentialaroms.com\/fr\/wp-json\/wp\/v2\/product\/15258","targetHints":{"allow":["GET"]}}],"collection":[{"href":"https:\/\/esentialaroms.com\/fr\/wp-json\/wp\/v2\/product"}],"about":[{"href":"https:\/\/esentialaroms.com\/fr\/wp-json\/wp\/v2\/types\/product"}],"replies":[{"embeddable":true,"href":"https:\/\/esentialaroms.com\/fr\/wp-json\/wp\/v2\/comments?post=15258"}],"version-history":[{"count":1,"href":"https:\/\/esentialaroms.com\/fr\/wp-json\/wp\/v2\/product\/15258\/revisions"}],"predecessor-version":[{"id":15260,"href":"https:\/\/esentialaroms.com\/fr\/wp-json\/wp\/v2\/product\/15258\/revisions\/15260"}],"wp:featuredmedia":[{"embeddable":true,"href":"https:\/\/esentialaroms.com\/fr\/wp-json\/wp\/v2\/media\/15259"}],"wp:attachment":[{"href":"https:\/\/esentialaroms.com\/fr\/wp-json\/wp\/v2\/media?parent=15258"}],"wp:term":[{"taxonomy":"product_brand","embeddable":true,"href":"https:\/\/esentialaroms.com\/fr\/wp-json\/wp\/v2\/product_brand?post=15258"},{"taxonomy":"product_cat","embeddable":true,"href":"https:\/\/esentialaroms.com\/fr\/wp-json\/wp\/v2\/product_cat?post=15258"},{"taxonomy":"product_tag","embeddable":true,"href":"https:\/\/esentialaroms.com\/fr\/wp-json\/wp\/v2\/product_tag?post=15258"}],"curies":[{"name":"wp","href":"https:\/\/api.w.org\/{rel}","templated":true}]}}