{"id":15214,"date":"2026-05-07T14:10:35","date_gmt":"2026-05-07T12:10:35","guid":{"rendered":"https:\/\/esentialaroms.com\/productos\/sublime-glow-2\/"},"modified":"2026-05-07T14:23:26","modified_gmt":"2026-05-07T12:23:26","slug":"sublime-glow-2","status":"publish","type":"product","link":"https:\/\/esentialaroms.com\/fr\/productos\/sublime-glow-2\/","title":{"rendered":"SUBLIME GLOW"},"content":{"rendered":"","protected":false},"excerpt":{"rendered":"<div>Cette huile s\u00e8che g\u00e9lifi\u00e9e associe les propri\u00e9t\u00e9s nourrissantes, antioxydantes et r\u00e9g\u00e9n\u00e9ratrices de 9 huiles uniques pour hydrater et nourrir la peau. De plus, elle procure une touche sublime \u00e0 la peau gr\u00e2ce \u00e0 son effet dor\u00e9 naturel. &nbsp;<\/div>\n","protected":false},"featured_media":15215,"comment_status":"open","ping_status":"closed","template":"","meta":{"_acf_changed":false,"rs_blank_template":"","rs_page_bg_color":"","slide_template_v7":""},"product_brand":[],"product_cat":[524,340,322,503,506,334,355],"product_tag":[],"class_list":{"0":"post-15214","1":"product","2":"type-product","3":"status-publish","4":"has-post-thumbnail","6":"product_cat-anti-age","7":"product_cat-besoins","8":"product_cat-familles","9":"product_cat-physique","10":"product_cat-soins-corporels","11":"product_cat-solar-esential","12":"product_cat-visage","14":"first","15":"instock","16":"shipping-taxable","17":"purchasable","18":"product-type-simple"},"acf":[],"_links":{"self":[{"href":"https:\/\/esentialaroms.com\/fr\/wp-json\/wp\/v2\/product\/15214","targetHints":{"allow":["GET"]}}],"collection":[{"href":"https:\/\/esentialaroms.com\/fr\/wp-json\/wp\/v2\/product"}],"about":[{"href":"https:\/\/esentialaroms.com\/fr\/wp-json\/wp\/v2\/types\/product"}],"replies":[{"embeddable":true,"href":"https:\/\/esentialaroms.com\/fr\/wp-json\/wp\/v2\/comments?post=15214"}],"version-history":[{"count":1,"href":"https:\/\/esentialaroms.com\/fr\/wp-json\/wp\/v2\/product\/15214\/revisions"}],"predecessor-version":[{"id":15217,"href":"https:\/\/esentialaroms.com\/fr\/wp-json\/wp\/v2\/product\/15214\/revisions\/15217"}],"wp:featuredmedia":[{"embeddable":true,"href":"https:\/\/esentialaroms.com\/fr\/wp-json\/wp\/v2\/media\/15215"}],"wp:attachment":[{"href":"https:\/\/esentialaroms.com\/fr\/wp-json\/wp\/v2\/media?parent=15214"}],"wp:term":[{"taxonomy":"product_brand","embeddable":true,"href":"https:\/\/esentialaroms.com\/fr\/wp-json\/wp\/v2\/product_brand?post=15214"},{"taxonomy":"product_cat","embeddable":true,"href":"https:\/\/esentialaroms.com\/fr\/wp-json\/wp\/v2\/product_cat?post=15214"},{"taxonomy":"product_tag","embeddable":true,"href":"https:\/\/esentialaroms.com\/fr\/wp-json\/wp\/v2\/product_tag?post=15214"}],"curies":[{"name":"wp","href":"https:\/\/api.w.org\/{rel}","templated":true}]}}