{"id":15201,"date":"2026-05-07T14:10:32","date_gmt":"2026-05-07T12:10:32","guid":{"rendered":"https:\/\/esentialaroms.com\/productos\/monoi-de-tahiti-2\/"},"modified":"2026-05-07T14:23:26","modified_gmt":"2026-05-07T12:23:26","slug":"monoi-de-tahiti-2","status":"publish","type":"product","link":"https:\/\/esentialaroms.com\/fr\/productos\/monoi-de-tahiti-2\/","title":{"rendered":"MONO\u00cf DE TAHIT\u00cd"},"content":{"rendered":"","protected":false},"excerpt":{"rendered":"<div>Le Mono\u00ef de Tahiti est la mac\u00e9ration des FLEURS de TIAR\u00c9 dans l\u2019huile v\u00e9g\u00e9tale de coco. C&rsquo;est un produit traditionnel de la Polyn\u00e9sie. Effet hautement hydratant et adoucissant de la peau. Bronzage lumineux et uniforme. &nbsp;<\/div>\n","protected":false},"featured_media":15202,"comment_status":"open","ping_status":"closed","template":"","meta":{"_acf_changed":false,"rs_blank_template":"","rs_page_bg_color":"","slide_template_v7":""},"product_brand":[],"product_cat":[322,334],"product_tag":[],"class_list":{"0":"post-15201","1":"product","2":"type-product","3":"status-publish","4":"has-post-thumbnail","6":"product_cat-familles","7":"product_cat-solar-esential","9":"first","10":"instock","11":"shipping-taxable","12":"purchasable","13":"product-type-simple"},"acf":[],"_links":{"self":[{"href":"https:\/\/esentialaroms.com\/fr\/wp-json\/wp\/v2\/product\/15201","targetHints":{"allow":["GET"]}}],"collection":[{"href":"https:\/\/esentialaroms.com\/fr\/wp-json\/wp\/v2\/product"}],"about":[{"href":"https:\/\/esentialaroms.com\/fr\/wp-json\/wp\/v2\/types\/product"}],"replies":[{"embeddable":true,"href":"https:\/\/esentialaroms.com\/fr\/wp-json\/wp\/v2\/comments?post=15201"}],"version-history":[{"count":1,"href":"https:\/\/esentialaroms.com\/fr\/wp-json\/wp\/v2\/product\/15201\/revisions"}],"predecessor-version":[{"id":15203,"href":"https:\/\/esentialaroms.com\/fr\/wp-json\/wp\/v2\/product\/15201\/revisions\/15203"}],"wp:featuredmedia":[{"embeddable":true,"href":"https:\/\/esentialaroms.com\/fr\/wp-json\/wp\/v2\/media\/15202"}],"wp:attachment":[{"href":"https:\/\/esentialaroms.com\/fr\/wp-json\/wp\/v2\/media?parent=15201"}],"wp:term":[{"taxonomy":"product_brand","embeddable":true,"href":"https:\/\/esentialaroms.com\/fr\/wp-json\/wp\/v2\/product_brand?post=15201"},{"taxonomy":"product_cat","embeddable":true,"href":"https:\/\/esentialaroms.com\/fr\/wp-json\/wp\/v2\/product_cat?post=15201"},{"taxonomy":"product_tag","embeddable":true,"href":"https:\/\/esentialaroms.com\/fr\/wp-json\/wp\/v2\/product_tag?post=15201"}],"curies":[{"name":"wp","href":"https:\/\/api.w.org\/{rel}","templated":true}]}}