{"id":15190,"date":"2026-05-07T14:10:28","date_gmt":"2026-05-07T12:10:28","guid":{"rendered":"https:\/\/esentialaroms.com\/productos\/gel-corporal-bano-y-ducha-de-rosa-mosqueta-2\/"},"modified":"2026-05-07T14:23:26","modified_gmt":"2026-05-07T12:23:26","slug":"gel-corporal-bano-y-ducha-de-rosa-mosqueta-2","status":"publish","type":"product","link":"https:\/\/esentialaroms.com\/fr\/productos\/gel-corporal-bano-y-ducha-de-rosa-mosqueta-2\/","title":{"rendered":"GEL CORPOREL BAIN ET DOUCHE Rose musqu\u00e9e"},"content":{"rendered":"","protected":false},"excerpt":{"rendered":"<div>Gel douche tr\u00e8s hydratant et protecteur de la peau. Hydrate et nourrit la peau en profondeur, pr\u00e9vient le dess\u00e8chement cutan\u00e9 et equilibre la peau. La rose musqu\u00e9e, avec une action r\u00e9g\u00e9n\u00e9rante et antioxydante, combine ses propri\u00e9t\u00e9s avec celles de la fleur de lotus, les p\u00e9tales de rose et l\u2019aloe vera. Ces agents phytoactifs conf\u00e8rent \u00e0 la peau des propri\u00e9t\u00e9s hydratantes et protectrices. &nbsp;<\/div>\n","protected":false},"featured_media":15191,"comment_status":"open","ping_status":"closed","template":"","meta":{"_acf_changed":false,"rs_blank_template":"","rs_page_bg_color":"","slide_template_v7":""},"product_brand":[],"product_cat":[485,322],"product_tag":[],"class_list":{"0":"post-15190","1":"product","2":"type-product","3":"status-publish","4":"has-post-thumbnail","6":"product_cat-cynorrhodon","7":"product_cat-familles","9":"first","10":"instock","11":"shipping-taxable","12":"purchasable","13":"product-type-simple"},"acf":[],"_links":{"self":[{"href":"https:\/\/esentialaroms.com\/fr\/wp-json\/wp\/v2\/product\/15190","targetHints":{"allow":["GET"]}}],"collection":[{"href":"https:\/\/esentialaroms.com\/fr\/wp-json\/wp\/v2\/product"}],"about":[{"href":"https:\/\/esentialaroms.com\/fr\/wp-json\/wp\/v2\/types\/product"}],"replies":[{"embeddable":true,"href":"https:\/\/esentialaroms.com\/fr\/wp-json\/wp\/v2\/comments?post=15190"}],"version-history":[{"count":1,"href":"https:\/\/esentialaroms.com\/fr\/wp-json\/wp\/v2\/product\/15190\/revisions"}],"predecessor-version":[{"id":15192,"href":"https:\/\/esentialaroms.com\/fr\/wp-json\/wp\/v2\/product\/15190\/revisions\/15192"}],"wp:featuredmedia":[{"embeddable":true,"href":"https:\/\/esentialaroms.com\/fr\/wp-json\/wp\/v2\/media\/15191"}],"wp:attachment":[{"href":"https:\/\/esentialaroms.com\/fr\/wp-json\/wp\/v2\/media?parent=15190"}],"wp:term":[{"taxonomy":"product_brand","embeddable":true,"href":"https:\/\/esentialaroms.com\/fr\/wp-json\/wp\/v2\/product_brand?post=15190"},{"taxonomy":"product_cat","embeddable":true,"href":"https:\/\/esentialaroms.com\/fr\/wp-json\/wp\/v2\/product_cat?post=15190"},{"taxonomy":"product_tag","embeddable":true,"href":"https:\/\/esentialaroms.com\/fr\/wp-json\/wp\/v2\/product_tag?post=15190"}],"curies":[{"name":"wp","href":"https:\/\/api.w.org\/{rel}","templated":true}]}}